{"id":290803,"date":"2024-07-12T15:43:50","date_gmt":"2024-07-12T13:43:50","guid":{"rendered":"https:\/\/www.hzc-power.com\/?post_type=product&#038;p=290803"},"modified":"2026-04-09T11:44:32","modified_gmt":"2026-04-09T09:44:32","slug":"accessoires-pour-pelles-fendeuse-de-cones-pour-mini-pelle-kh160","status":"publish","type":"product","link":"https:\/\/www.hzc-power.com\/fr\/accessoires-pour-pelles\/fendeuse-de-cones-pour-mini-pelle-kh160\/","title":{"rendered":"Fendeuse de c\u00f4nes pour mini-pelle HZC Power (KH160)"},"content":{"rendered":"<div class=\"wpb-content-wrapper\"><p>[vc_row css=&#8221;.vc_custom_1696429253665{padding-top: 3rem !important;padding-bottom: 3rem !important;}&#8221;][vc_column width=&#8221;1\/2&#8243;][vc_column_text]<\/p>\n<h2>Fendeuse de b\u00fbches conique pour mini-pelles HZC Power (KH160)<\/h2>\n<p>[\/vc_column_text][vc_empty_space][vc_column_text]Cette fendeuse de bois conique est l\u2019outil id\u00e9al pour un fendage du bois efficace et puissant.<\/p>\n<p>Efficace et robuste ! Elle garantit une m\u00e9thode s\u00fbre et performante pour fendre des troncs et des racines d\u2019arbres. Aucun effort physique n\u2019est n\u00e9cessaire lors du fendage et la machine est pr\u00e9serv\u00e9e, car la fendeuse conique fend le bois sans solliciter la structure porteuse. Un autre avantage est le travail dans des conditions \u00e0 tr\u00e8s faible risque d\u2019accident.<\/p>\n<p>La fendeuse conique fend le bois facilement et efficacement. La pression de service pouvant atteindre 160 bar garantit un fonctionnement fiable dans toutes les conditions. Entra\u00een\u00e9e par le syst\u00e8me hydraulique de la pelle, la fendeuse peut \u00eatre mont\u00e9e sur tous les cadres d\u2019attache rapide HZC, permettant une installation simple et rapide.<\/p>\n<p><strong>La fendeuse conique est fix\u00e9e via des raccords hydrauliques suppl\u00e9mentaires \u00e0 l\u2019aide de ses flexibles hydrauliques sur le bras de la pelle.<\/strong><\/p>\n<p>Elle convient \u00e0 tous nos mod\u00e8les de <a href=\"https:\/\/www.hzc-power.com\/fr\/?attachment_id=22466\">mini-pelles<\/a> HZC Power, avec moteur diesel ou essence.[\/vc_column_text][vc_empty_space][\/vc_column][\/vc_row][vc_row][vc_column][accordion_father][accordion_son title_padding=&#8221;17&#8243; title=&#8221;Donn\u00e9es techniques&#8221; bgclr=&#8221;#f7f7f7&#8243;]<\/p>\n<ul>\n<li>Fabricant : HZC Power GmbH<\/li>\n<li>Mod\u00e8le : KH160<\/li>\n<li>Entra\u00eenement : syst\u00e8me hydraulique de la pelle<\/li>\n<li>Pression de service : max. 160 bar<\/li>\n<li>D\u00e9bit max. : env. 30 L\/min<\/li>\n<li>Poids : env. 40 kg<\/li>\n<li>Longueur du flexible : 1,6 m<\/li>\n<li>Raccord : M14x1.5<\/li>\n<\/ul>\n<p>[\/accordion_son][\/accordion_father][accordion_father][accordion_son title_padding=&#8221;17&#8243; title=&#8221;\u00c9quipement standard&#8221; bgclr=&#8221;#f7f7f7&#8243;]<\/p>\n<ul>\n<li>Entra\u00eenement : <strong>syst\u00e8me hydraulique de la pelle<\/strong><\/li>\n<li>Pression de service : <strong>max. 160 bar<\/strong><\/li>\n<li>D\u00e9bit max. : <strong>env. 30 L\/min<\/strong><\/li>\n<li>Poids : <strong>env. 40 kg<\/strong><\/li>\n<li><strong>Faible risque d\u2019accident<\/strong> pendant l\u2019utilisation<\/li>\n<li><strong>Faible effort pour l\u2019op\u00e9rateur et la machine<\/strong> pendant le travail<\/li>\n<li><strong>Compatible<\/strong> avec toutes nos <a href=\"https:\/\/www.hzc-power.com\/fr\/?attachment_id=22466\">mini-pelles<\/a><\/li>\n<li>Raccordement via <strong>flexibles hydrauliques suppl\u00e9mentaires<\/strong><\/li>\n<li><strong>Flexibles hydrauliques inclus dans la livraison<\/strong><\/li>\n<\/ul>\n<p>[\/accordion_son][\/accordion_father][accordion_father][accordion_son title_padding=&#8221;17&#8243; title=&#8221;Informations de livraison&#8221; bgclr=&#8221;#f7f7f7&#8243;]Chez HZC Power, nous accordons une grande importance \u00e0 la qualit\u00e9 maximale, \u00e0 une fabrication techniquement irr\u00e9prochable et \u00e0 une construction robuste. Nos produits sont livr\u00e9s partiellement assembl\u00e9s par transporteur. Nous proposons un prix d\u2019exp\u00e9dition fixe, automatiquement calcul\u00e9 dans le panier (vous trouverez des informations suppl\u00e9mentaires sur la livraison <a href=\"\/?product_cat=versand\"><strong>ici<\/strong><\/a>). Vous pouvez \u00e9galement, sur rendez-vous, venir voir nos produits \u00e0 notre si\u00e8ge ou les retirer gratuitement.[\/accordion_son][\/accordion_father][\/vc_column][\/vc_row][vc_row][vc_column][vc_video link=&#8221;https:\/\/youtu.be\/Ph96BbdynHo&#8221; title=&#8221;La nouvelle fendeuse conique pour nos mini-pelles&#8221;][\/vc_column][\/vc_row]<\/p>\n<\/div>","protected":false},"excerpt":{"rendered":"<p><span style=\"color: #ff0000;\"><strong>Disponible d\u00e8s maintenant. Les informations sur le d\u00e9lai de livraison vous seront communiqu\u00e9es apr\u00e8s r\u00e9ception de la commande via notre <span style=\"color: #9e0000;\"><a style=\"color: #9e0000;\" href=\"\/?product_cat=kontakt\">service client<\/a><\/span>.<\/strong><\/span><\/p>\n<ul>\n<li><strong><span style=\"color: #000000;\">Compatible avec toutes nos <a style=\"color: #000000;\" href=\"https:\/\/www.hzc-power.com\/fr\/?attachment_id=22466\">mini-pelles<\/a><\/span><\/strong><\/li>\n<li><strong><span style=\"color: #000000;\">Compatible avec le syst\u00e8me d\u2019attache rapide <a href=\"\/?product_cat=schnellwechsler-3-fuer-hzc-power-bzr360-schreitbagger-sw3bzr360\">SW3BZR360<\/a> pour la pelle araign\u00e9e <a href=\"\/?product_cat=schreitbagger-hzc-power-bzr360\">BZR360<\/a><\/span><\/strong><\/li>\n<li>Entra\u00eenement : <strong>syst\u00e8me hydraulique de la pelle<\/strong><\/li>\n<li>Pression de service : <strong>max. 160 bar<\/strong><\/li>\n<li>D\u00e9bit max. : <strong>env. 30 L\/min<\/strong><\/li>\n<li>Poids : <strong>env. 40 kg<\/strong><\/li>\n<li><strong>Faible risque d\u2019accident<\/strong> pendant le travail<\/li>\n<li>Faible <strong>effort pour l\u2019op\u00e9rateur et la machine<\/strong> pendant l\u2019utilisation<\/li>\n<li><strong>Compatible<\/strong> avec toutes nos <a href=\"https:\/\/www.hzc-power.com\/fr\/?attachment_id=22466\">mini-pelles<\/a><\/li>\n<li>Raccordement via <strong>flexibles hydrauliques suppl\u00e9mentaires<\/strong><\/li>\n<li><strong>Flexibles hydrauliques inclus dans la livraison<\/strong><\/li>\n<\/ul>\n<p><span style=\"color: #007bbb;\"><a style=\"color: #007bbb;\" href=\"https:\/\/www.hzc-power.com\/wp-content\/uploads\/2026\/01\/bedienungsanleitung-kh160.pdf\"><strong>\u2192<\/strong><\/a><a style=\"color: #007bbb;\" href=\"https:\/\/www.hzc-power.com\/wp-content\/uploads\/2026\/01\/bedienungsanleitung-kh160.pdf\"><strong> T\u00e9l\u00e9charger le manuel de montage KH160<\/strong><\/a><\/span><\/p>\n","protected":false},"featured_media":291338,"comment_status":"closed","ping_status":"closed","template":"","meta":{"inline_featured_image":false},"product_brand":[],"product_cat":[787,776,789],"class_list":{"0":"post-290803","1":"product","2":"type-product","3":"status-publish","4":"has-post-thumbnail","6":"product_cat-accessoires-pour-pelles","7":"product_cat-sylviculture-et-amenagement-paysager","8":"product_cat-travail-du-bois","9":"product_shipping_class-spedition-2-palettengabeln-anbauteile","11":"first","12":"instock","13":"sale","14":"taxable","15":"shipping-taxable","16":"purchasable","17":"product-type-simple"},"bundled_by":["286874","28618","286838","286423","286497","291162","291202","287614","287611","286531","286553","289572","286930","287007","286958","286882","291231","286933","297570"],"bundle_stock_status":"instock","bundle_stock_quantity":18,"bundle_virtual":false,"bundle_layout":"","bundle_add_to_cart_form_location":"","bundle_editable_in_cart":false,"bundle_sold_individually_context":"","bundle_item_grouping":"","bundle_min_size":"","bundle_max_size":"","bundle_price":[],"bundled_items":[],"bundle_sell_ids":[],"jetpack_sharing_enabled":true,"wcpa_form_fields":null,"_links":{"self":[{"href":"https:\/\/www.hzc-power.com\/fr\/wp-json\/wp\/v2\/product\/290803","targetHints":{"allow":["GET"]}}],"collection":[{"href":"https:\/\/www.hzc-power.com\/fr\/wp-json\/wp\/v2\/product"}],"about":[{"href":"https:\/\/www.hzc-power.com\/fr\/wp-json\/wp\/v2\/types\/product"}],"replies":[{"embeddable":true,"href":"https:\/\/www.hzc-power.com\/fr\/wp-json\/wp\/v2\/comments?post=290803"}],"wp:featuredmedia":[{"embeddable":true,"href":"https:\/\/www.hzc-power.com\/fr\/wp-json\/wp\/v2\/media\/291338"}],"wp:attachment":[{"href":"https:\/\/www.hzc-power.com\/fr\/wp-json\/wp\/v2\/media?parent=290803"}],"wp:term":[{"taxonomy":"product_brand","embeddable":true,"href":"https:\/\/www.hzc-power.com\/fr\/wp-json\/wp\/v2\/product_brand?post=290803"},{"taxonomy":"product_cat","embeddable":true,"href":"https:\/\/www.hzc-power.com\/fr\/wp-json\/wp\/v2\/product_cat?post=290803"}],"curies":[{"name":"wp","href":"https:\/\/api.w.org\/{rel}","templated":true}]}}