{"id":293412,"date":"2025-01-22T13:54:47","date_gmt":"2025-01-22T12:54:47","guid":{"rendered":"https:\/\/www.hzc-power.com\/?post_type=product&#038;p=293412"},"modified":"2025-04-08T10:27:11","modified_gmt":"2025-04-08T08:27:11","slug":"chargeuse-a-pneus-electrique-avec-charge-nominale-de-800-kg-ewl800-kopie-3","status":"publish","type":"product","link":"https:\/\/www.hzc-power.com\/fr\/chargeuse-a-pneus-electrique-avec-charge-nominale-de-800-kg-ewl800-kopie-3\/","title":{"rendered":"Chargeuse sur pneus avec moteur diesel Euro5 et charge nominale de 1000 kg (WLL1000)"},"content":{"rendered":"<div class=\"wpb-content-wrapper\"><p>[vc_row css=&#8221;.vc_custom_1696246989248{padding-top: 3rem !important;padding-bottom: 3rem !important;}&#8221;][vc_column width=&#8221;1\/2&#8243;][vc_column_text]<\/p>\n<h2>Chargeuse sur pneus avec moteur diesel Euro5 et charge nominale de 1000 kg (WLL1000)<\/h2>\n<p>[\/vc_column_text][vc_empty_space][vc_column_text]La chargeuse sur pneus WLL1000 avec moteur diesel Euro5 de HZC Power est un engin compact et maniable, id\u00e9al pour une large gamme d&#8217;applications. Gr\u00e2ce \u00e0 sa flexibilit\u00e9 et sa maniabilit\u00e9, elle est parfaitement adapt\u00e9e aux chantiers de toutes tailles, aux exploitations agricoles ou \u00e0 l&#8217;am\u00e9nagement paysager. Sa construction de haute qualit\u00e9 et son utilisation conviviale font de la WLL1000 un choix optimal pour un usage professionnel.<\/p>\n<p>Avec sa puissante capacit\u00e9 de levage et sa maniabilit\u00e9, cette chargeuse est un alli\u00e9 fiable, notamment pour les travaux de construction et de d\u00e9molition, comme le d\u00e9placement de mat\u00e9riaux de construction ou l\u2019\u00e9vacuation des d\u00e9bris.<\/p>\n<p>Le transport de bois, de terre, d\u2019engrais et d&#8217;autres mat\u00e9riaux est consid\u00e9rablement facilit\u00e9 par sa conception robuste et son attache Euro flexible. Diff\u00e9rents accessoires, comme des fourches \u00e0 palettes, des godets ou des r\u00e2teaux \u00e0 foin, rendent cette chargeuse polyvalente. En hiver, elle excelle \u00e9galement dans le d\u00e9neigement ou le transport de mat\u00e9riaux de sablage \u2013 un v\u00e9ritable atout toutes saisons.<\/p>\n<p>Sa conception compacte et ses performances impressionnantes font de la WLL1000 un partenaire id\u00e9al, m\u00eame sur des chantiers exigeants ou restreints. Ses \u00e9quipements bien pens\u00e9s et son attache Euro offrent une flexibilit\u00e9 maximale pour divers sc\u00e9narios d&#8217;application, optimisant ainsi les flux de travail.[\/vc_column_text][\/vc_column][\/vc_row][vc_row css=&#8221;.vc_custom_1696246997027{padding-top: 3rem !important;padding-bottom: 3rem !important;}&#8221;][vc_column width=&#8221;1\/2&#8243;][vc_column_text]<\/p>\n<h2>Entra\u00eenement<\/h2>\n<p>[\/vc_column_text][vc_empty_space][vc_column_text]La WLL1000 de HZC Power combine haute performance et flexibilit\u00e9 exceptionnelle. Avec des dimensions compactes de 5000 x 1600 x 2200 mm, cette chargeuse est un outil polyvalent sur tous les chantiers. Avec une capacit\u00e9 de pente maximale de 36\u00b0, la WLL1000 offre \u00e9galement d&#8217;excellentes performances dans des conditions exigeantes.[\/vc_column_text][vc_empty_space][\/vc_column][vc_column width=&#8221;1\/2&#8243;][vc_column_text]<\/p>\n<h2>\u00c9quipement<\/h2>\n<p>[\/vc_column_text][vc_empty_space][vc_column_text]La chargeuse sur pneus est \u00e9quip\u00e9e de s\u00e9rie d\u2019un godet d\u2019une capacit\u00e9 nominale de 0,7 m\u00b3. Elle dispose de deux vitesses avant et deux vitesses arri\u00e8re, et atteint une vitesse maximale de 35 km\/h.[\/vc_column_text][\/vc_column][\/vc_row][vc_row css=&#8221;.vc_custom_1696247004795{margin-top: 2rem !important;margin-bottom: 2rem !important;}&#8221;][vc_column]            <div class=\"nasa-static-block\" >\r\n                                <div class=\"nasa-static-block-container\">\r\n                    <style type=\"text\/css\" data-type=\"vc_shortcodes-custom-css\">.vc_custom_1696253521432{margin-top: 2rem !important;margin-bottom: 2rem !important;padding-top: 3rem !important;padding-bottom: 3rem !important;background-color: #505f6b !important;}.vc_custom_1696253530748{padding-right: 1rem !important;padding-left: 1rem !important;}<\/style>[vc_section full_width=\"stretch_row\" css=\".vc_custom_1696253521432{margin-top: 2rem !important;margin-bottom: 2rem !important;padding-top: 3rem !important;padding-bottom: 3rem !important;background-color: #505f6b !important;}\"][vc_row css=\".vc_custom_1696253530748{padding-right: 1rem !important;padding-left: 1rem !important;}\"][vc_column width=\"1\/2\"][vc_column_text]\r\n<h2><span style=\"color: #ffffff;\">Angebot f\u00fcr Ihr HZC Power Produkt<\/span><\/h2>\r\n[\/vc_column_text][vc_empty_space][\/vc_column][vc_column width=\"1\/2\"][vc_column_text]<span style=\"color: #ffffff;\">Bei HZC Power achten wir stets auf h\u00f6chste Qualit\u00e4t, technisch einwandfreie Verarbeitung und eine robuste Konstruktion. Unsere Produkte erhalten Sie teilmontiert per Spedition. Dabei bieten wir Ihnen einen Festpreis f\u00fcr den Versand der automatisch im Warenkorb generiert wird (zus\u00e4tzliche Versandinformationen finden sie <a style=\"color: #ffffff;\" href=\"http:\/\/www.hzc-power.com\/de\/versand\"><strong>hier<\/strong><\/a>).<\/span>\r\n\r\n<span style=\"color: #ffffff;\">Gerne k\u00f6nnen Sie unsere Produkte nach Absprache auch in unserer Zentrale besichtigen oder kostenlos abholen.<\/span>\r\n\r\n<span style=\"color: #ffffff;\">Sollten Sie weitere Fragen zu den einzelnen Modellen haben dann melden Sie sich gerne bei <strong><a style=\"color: #ffffff;\" href=\"http:\/\/www.hzc-power.com\/de\/kontakt\">unserem Kundenservice<\/a><\/strong>. Dieser ber\u00e4t Sie gerne weiter. \u00dcberzeugen Sie sich selbst von unserem Angebot und sichern Sie sich Ihr Produkt in bester Qualit\u00e4t zum besten Preis bei HZC Power.<\/span>[\/vc_column_text][\/vc_column][\/vc_row][\/vc_section]                <\/div>\r\n            <\/div>\r\n            [\/vc_column][\/vc_row][vc_row css=&#8221;.vc_custom_1696247013032{padding-top: 3rem !important;padding-bottom: 3rem !important;}&#8221;][vc_column width=&#8221;1\/3&#8243;][vc_single_image image=&#8221;293447&#8243; img_size=&#8221;300&#215;300&#8243; alignment=&#8221;center&#8221; onclick=&#8221;img_link_large&#8221;][\/vc_column][vc_column width=&#8221;1\/3&#8243;][vc_column_text]<\/p>\n<h2>Caract\u00e9ristiques techniques et performances<\/h2>\n<p>[\/vc_column_text][vc_empty_space][vc_column_text]<\/p>\n<ul>\n<li><strong>Charge nominale<\/strong> : 1000 kg<\/li>\n<li><strong>Moteur<\/strong> : Moteur Diesel Laidong, Euro5, 25 ch<\/li>\n<li><strong>Largeur du godet<\/strong> : 1600 mm<\/li>\n<li><strong>Capacit\u00e9 nominale du godet<\/strong> : 0,7 m\u00b3<\/li>\n<li><strong>Hauteur de d\u00e9versement<\/strong> : 2500 mm<\/li>\n<li><strong>Hauteur de levage<\/strong> : 3100 mm<\/li>\n<li><strong>Capacit\u00e9 de levage maximale<\/strong> : 1000 kg<\/li>\n<li><strong>Pente maximale<\/strong> : 36\u00b0<\/li>\n<li><strong>Longueur totale<\/strong> : Environ 5000 mm<\/li>\n<li><strong>Largeur totale<\/strong> : Environ 1600 mm<\/li>\n<li><strong>Hauteur totale<\/strong> : Environ 2200 mm<\/li>\n<li><strong>Empattement<\/strong> : Environ 2000 mm<\/li>\n<li><strong>Garde au sol minimale<\/strong> : 330 mm<\/li>\n<li><strong>Rayon de braquage minimal<\/strong> : 3000 mm<\/li>\n<li><strong>Poids total<\/strong> : Environ 2000 kg<\/li>\n<li><strong>Vitesse maximale<\/strong> : 35 km\/h<\/li>\n<li><strong>R\u00e9servoir d&#8217;huile hydraulique<\/strong> : 20 litres<\/li>\n<li><strong>Freins de service<\/strong> : Freins \u00e0 disque sur les quatre roues<\/li>\n<li><strong>Pneus<\/strong> : 20.5-16<\/li>\n<\/ul>\n<p>[\/vc_column_text][vc_empty_space][vc_column_text]<\/p>\n<h2>Moteur<\/h2>\n<p>[\/vc_column_text][vc_empty_space][vc_column_text]Moteur Diesel Laidong Euro5, 25 ch[\/vc_column_text][vc_empty_space][\/vc_column][vc_column width=&#8221;1\/3&#8243;][vc_column_text]<\/p>\n<h2>Extras<\/h2>\n<p>[\/vc_column_text][vc_empty_space][vc_column_text]<\/p>\n<ul>\n<li>Godet standard (fourni de s\u00e9rie)<\/li>\n<li>\u00c9quip\u00e9e d&#8217;une cabine<\/li>\n<li>Syst\u00e8me de changement rapide pour godet<\/li>\n<li>Joystick \u00e9lectrique<\/li>\n<li>Cam\u00e9ra de recul<\/li>\n<li>Volant r\u00e9glable<\/li>\n<li>Construction tr\u00e8s robuste et de haute qualit\u00e9<\/li>\n<li>Facile \u00e0 utiliser<\/li>\n<li>Tr\u00e8s maniable<\/li>\n<li>Compacte et polyvalente<\/li>\n<li>\u00c9clairage int\u00e9gr\u00e9<\/li>\n<li>4 connexions hydrauliques (2 entr\u00e9es et 2 sorties)<\/li>\n<li>Syst\u00e8me de changement rapide hydraulique<\/li>\n<li>Troisi\u00e8me circuit hydraulique pour accessoires<\/li>\n<li>Certifi\u00e9e CE selon les normes et r\u00e9glementations les plus r\u00e9centes<\/li>\n<\/ul>\n<p>[\/vc_column_text][\/vc_column][\/vc_row]<\/p>\n<\/div>","protected":false},"excerpt":{"rendered":"<p><span style=\"color: #ff0000;\"><strong>La chargeuse est produite sur commande apr\u00e8s r\u00e9ception d&#8217;un acompte de 30 %. Le d\u00e9lai de livraison est d&#8217;environ 45 jours. Le paiement du solde est requis avant la livraison de la chargeuse. Commandez la chargeuse \u00e0 temps pour votre projet.<\/strong><\/span><\/p>\n<p>&nbsp;<\/p>\n<ul>\n<li><strong>Moteur<\/strong> : Diesel, 25 ch, Euro5<\/li>\n<li><strong>Accessoires suppl\u00e9mentaires disponibles sur demande<\/strong> : Fourches \u00e0 palettes, balayeuses, godets 4-en-1, etc.<\/li>\n<li><strong>Applications<\/strong> : Partenaire professionnel pour la construction, l\u2019agriculture et la logistique<\/li>\n<li><strong>Avec cabine<\/strong><\/li>\n<li><strong>Poids total<\/strong> : 2000 kg<\/li>\n<li><strong>Charge nominale \/ Capacit\u00e9 de levage<\/strong> : 1000 kg<\/li>\n<li><strong>Dimensions<\/strong> : 5000x1600x2200 mm<\/li>\n<li><strong>Hauteur de d\u00e9versement<\/strong> : 2500 mm<\/li>\n<li><strong>Godet standard<\/strong> : Fourni de s\u00e9rie<\/li>\n<li><strong>Syst\u00e8me de changement rapide pour godet<\/strong><\/li>\n<li><strong>Joystick \u00e9lectrique<\/strong><\/li>\n<li><strong>Construction robuste et de haute qualit\u00e9<\/strong><\/li>\n<li><strong>Facile \u00e0 utiliser<\/strong><\/li>\n<li><strong>Tr\u00e8s maniable<\/strong><\/li>\n<li><strong>Compacte et polyvalente<\/strong><\/li>\n<li><strong>\u00c9clairage int\u00e9gr\u00e9<\/strong><\/li>\n<li><strong>4 connexions hydrauliques<\/strong> : 2 entr\u00e9es et 2 sorties<\/li>\n<li><strong>Syst\u00e8me de changement rapide hydraulique<\/strong><\/li>\n<li><strong>Troisi\u00e8me circuit hydraulique<\/strong> : Pour accessoires<\/li>\n<li><strong>Certifi\u00e9e CE<\/strong> : Selon les normes et r\u00e9glementations les plus r\u00e9centes<\/li>\n<li><\/li>\n<\/ul>\n","protected":false},"featured_media":297046,"comment_status":"open","ping_status":"closed","template":"","meta":{"inline_featured_image":false},"product_brand":[],"product_cat":[786,776],"class_list":{"0":"post-293412","1":"product","2":"type-product","3":"status-publish","4":"has-post-thumbnail","6":"product_cat-chargeuse-sur-pneus","7":"product_cat-sylviculture-et-amenagement-paysager","8":"product_shipping_class-fr_versand-xxl-fr","10":"first","11":"onbackorder","12":"taxable","13":"shipping-taxable","14":"purchasable","15":"product-type-simple"},"bundled_by":[],"bundle_stock_status":"onbackorder","bundle_stock_quantity":0,"bundle_virtual":false,"bundle_layout":"","bundle_add_to_cart_form_location":"","bundle_editable_in_cart":false,"bundle_sold_individually_context":"","bundle_item_grouping":"","bundle_min_size":"","bundle_max_size":"","bundle_price":[],"bundled_items":[],"bundle_sell_ids":[],"jetpack_sharing_enabled":true,"wcpa_form_fields":null,"_links":{"self":[{"href":"https:\/\/www.hzc-power.com\/fr\/wp-json\/wp\/v2\/product\/293412","targetHints":{"allow":["GET"]}}],"collection":[{"href":"https:\/\/www.hzc-power.com\/fr\/wp-json\/wp\/v2\/product"}],"about":[{"href":"https:\/\/www.hzc-power.com\/fr\/wp-json\/wp\/v2\/types\/product"}],"replies":[{"embeddable":true,"href":"https:\/\/www.hzc-power.com\/fr\/wp-json\/wp\/v2\/comments?post=293412"}],"wp:featuredmedia":[{"embeddable":true,"href":"https:\/\/www.hzc-power.com\/fr\/wp-json\/wp\/v2\/media\/297046"}],"wp:attachment":[{"href":"https:\/\/www.hzc-power.com\/fr\/wp-json\/wp\/v2\/media?parent=293412"}],"wp:term":[{"taxonomy":"product_brand","embeddable":true,"href":"https:\/\/www.hzc-power.com\/fr\/wp-json\/wp\/v2\/product_brand?post=293412"},{"taxonomy":"product_cat","embeddable":true,"href":"https:\/\/www.hzc-power.com\/fr\/wp-json\/wp\/v2\/product_cat?post=293412"}],"curies":[{"name":"wp","href":"https:\/\/api.w.org\/{rel}","templated":true}]}}