{"id":293488,"date":"2025-01-23T16:21:45","date_gmt":"2025-01-23T15:21:45","guid":{"rendered":"https:\/\/www.hzc-power.com\/?post_type=product&#038;p=293488"},"modified":"2025-04-08T10:54:00","modified_gmt":"2025-04-08T08:54:00","slug":"chargeuse-a-pneus-electrique-avec-charge-nominale-de-800-kg-ewl800-kopie-kopie-kopie-2","status":"publish","type":"product","link":"https:\/\/www.hzc-power.com\/fr\/chargeuse-a-pneus-electrique-avec-charge-nominale-de-800-kg-ewl800-kopie-kopie-kopie-2\/","title":{"rendered":"Chargeuse sur pneus avec moteur diesel 50 CV, Euro5 et 2000 kg de charge nominale, Nouveau Design (WLL2000ND)"},"content":{"rendered":"<div class=\"wpb-content-wrapper\"><p>[vc_row css=&#8221;.vc_custom_1696246989248{padding-top: 3rem !important;padding-bottom: 3rem !important;}&#8221;][vc_column width=&#8221;1\/2&#8243;][vc_column_text]<\/p>\n<h2>Chargeuse sur pneus avec moteur diesel 50 CV, Euro5 et 2000 kg de charge nominale, Nouveau Design (WLL2000ND)<\/h2>\n<p>[\/vc_column_text][vc_empty_space][vc_column_text]La chargeuse sur pneus WLL2000ND de HZC Power, \u00e9quip\u00e9e d&#8217;un moteur diesel Euro5 de 50 CV, est un outil compact et maniable, id\u00e9al pour une grande vari\u00e9t\u00e9 d&#8217;applications. Gr\u00e2ce \u00e0 sa flexibilit\u00e9 et \u00e0 sa maniabilit\u00e9, elle est parfaitement adapt\u00e9e aux chantiers de toutes tailles, aux exploitations agricoles et aux projets d&#8217;am\u00e9nagement paysager. Sa fabrication de haute qualit\u00e9 et sa facilit\u00e9 d&#8217;utilisation font de la WLL2000ND un choix optimal pour une utilisation professionnelle.<\/p>\n<p>Cette chargeuse sur pneus pr\u00e9sente un design plus r\u00e9cent par rapport \u00e0 notre mod\u00e8le WLL2000.<\/p>\n<p>Avec sa puissante capacit\u00e9 de levage et sa maniabilit\u00e9, la WLL2000ND est un alli\u00e9 fiable, notamment pour les travaux de construction et de d\u00e9molition, comme le d\u00e9placement de mat\u00e9riaux de construction ou l&#8217;\u00e9limination de d\u00e9bris.<\/p>\n<p>Le transport de bois, de terre, d&#8217;engrais et d&#8217;autres mat\u00e9riaux est grandement facilit\u00e9 gr\u00e2ce \u00e0 sa construction robuste et \u00e0 son attelage Euro flexible. Divers accessoires tels que des fourches \u00e0 palettes, des godets ou des r\u00e2teaux \u00e0 foin rendent cette chargeuse sur pneus polyvalente. En hiver, elle excelle dans le d\u00e9neigement ou le transport de mat\u00e9riaux de salage, ce qui en fait un v\u00e9ritable outil polyvalent pour toutes les saisons.<\/p>\n<p>Son design compact et ses performances impressionnantes font de la WLL2000ND le partenaire id\u00e9al, m\u00eame sur des chantiers exigeants ou confin\u00e9s. Avec ses fonctionnalit\u00e9s bien pens\u00e9es et son attelage Euro, elle offre une flexibilit\u00e9 maximale pour une vari\u00e9t\u00e9 de sc\u00e9narios d&#8217;application et contribue \u00e0 rationaliser les processus de travail.[\/vc_column_text][\/vc_column][\/vc_row][vc_row css=&#8221;.vc_custom_1696246997027{padding-top: 3rem !important;padding-bottom: 3rem !important;}&#8221;][vc_column width=&#8221;1\/2&#8243;][vc_column_text]<\/p>\n<h2>Entra\u00eenement<\/h2>\n<p>[\/vc_column_text][vc_empty_space][vc_column_text]La WLL2000ND allie haute performance et flexibilit\u00e9 exceptionnelle. Avec ses dimensions compactes de 5000 x 1800 x 2750 mm, elle est un outil polyvalent sur tous les chantiers. Avec une capacit\u00e9 de mont\u00e9e maximale de 36\u00b0, la WLL2000ND offre des performances excellentes, m\u00eame dans des conditions difficiles.[\/vc_column_text][vc_empty_space][\/vc_column][vc_column width=&#8221;1\/2&#8243;][vc_column_text]<\/p>\n<h2>Caract\u00e9ristiques<\/h2>\n<p>[\/vc_column_text][vc_empty_space][vc_column_text]La chargeuse sur pneus est livr\u00e9e de s\u00e9rie avec un godet d&#8217;une capacit\u00e9 nominale de 0,8 m\u00b3. Elle dispose de deux vitesses avant et arri\u00e8re et atteint une vitesse maximale de 35 Km\/h.[\/vc_column_text][\/vc_column][\/vc_row][vc_row css=&#8221;.vc_custom_1696247004795{margin-top: 2rem !important;margin-bottom: 2rem !important;}&#8221;][vc_column]            <div class=\"nasa-static-block\" >\r\n                                <div class=\"nasa-static-block-container\">\r\n                    <style type=\"text\/css\" data-type=\"vc_shortcodes-custom-css\">.vc_custom_1696253521432{margin-top: 2rem !important;margin-bottom: 2rem !important;padding-top: 3rem !important;padding-bottom: 3rem !important;background-color: #505f6b !important;}.vc_custom_1696253530748{padding-right: 1rem !important;padding-left: 1rem !important;}<\/style>[vc_section full_width=\"stretch_row\" css=\".vc_custom_1696253521432{margin-top: 2rem !important;margin-bottom: 2rem !important;padding-top: 3rem !important;padding-bottom: 3rem !important;background-color: #505f6b !important;}\"][vc_row css=\".vc_custom_1696253530748{padding-right: 1rem !important;padding-left: 1rem !important;}\"][vc_column width=\"1\/2\"][vc_column_text]\r\n<h2><span style=\"color: #ffffff;\">Angebot f\u00fcr Ihr HZC Power Produkt<\/span><\/h2>\r\n[\/vc_column_text][vc_empty_space][\/vc_column][vc_column width=\"1\/2\"][vc_column_text]<span style=\"color: #ffffff;\">Bei HZC Power achten wir stets auf h\u00f6chste Qualit\u00e4t, technisch einwandfreie Verarbeitung und eine robuste Konstruktion. Unsere Produkte erhalten Sie teilmontiert per Spedition. Dabei bieten wir Ihnen einen Festpreis f\u00fcr den Versand der automatisch im Warenkorb generiert wird (zus\u00e4tzliche Versandinformationen finden sie <a style=\"color: #ffffff;\" href=\"http:\/\/www.hzc-power.com\/de\/versand\"><strong>hier<\/strong><\/a>).<\/span>\r\n\r\n<span style=\"color: #ffffff;\">Gerne k\u00f6nnen Sie unsere Produkte nach Absprache auch in unserer Zentrale besichtigen oder kostenlos abholen.<\/span>\r\n\r\n<span style=\"color: #ffffff;\">Sollten Sie weitere Fragen zu den einzelnen Modellen haben dann melden Sie sich gerne bei <strong><a style=\"color: #ffffff;\" href=\"http:\/\/www.hzc-power.com\/de\/kontakt\">unserem Kundenservice<\/a><\/strong>. Dieser ber\u00e4t Sie gerne weiter. \u00dcberzeugen Sie sich selbst von unserem Angebot und sichern Sie sich Ihr Produkt in bester Qualit\u00e4t zum besten Preis bei HZC Power.<\/span>[\/vc_column_text][\/vc_column][\/vc_row][\/vc_section]                <\/div>\r\n            <\/div>\r\n            [\/vc_column][\/vc_row][vc_row css=&#8221;.vc_custom_1696247013032{padding-top: 3rem !important;padding-bottom: 3rem !important;}&#8221;][vc_column width=&#8221;1\/3&#8243;][vc_single_image image=&#8221;293457&#8243; img_size=&#8221;300&#215;300&#8243; alignment=&#8221;center&#8221; onclick=&#8221;img_link_large&#8221;][\/vc_column][vc_column width=&#8221;1\/3&#8243;][vc_column_text]<\/p>\n<h2>Donn\u00e9es techniques et performances<\/h2>\n<p>[\/vc_column_text][vc_empty_space][vc_column_text]<\/p>\n<ul>\n<li>Charge nominale : 2000 Kg<\/li>\n<li>Moteur : Diesel Laidong, Euro5, 50 CV<\/li>\n<li>Largeur du godet : 1900 mm<\/li>\n<li>Capacit\u00e9 nominale du godet : 0,8 m\u00b3<\/li>\n<li>Hauteur de d\u00e9versement : 3200 mm<\/li>\n<li>Hauteur de levage : 3800 mm<\/li>\n<li>Capacit\u00e9 de levage : max. 2000 Kg<\/li>\n<li>Pente maximale : max. 36\u00b0<\/li>\n<li>Longueur totale : env. 5000 mm<\/li>\n<li>Largeur totale : env. 1800 mm<\/li>\n<li>Hauteur totale : env. 2750 mm<\/li>\n<li>Empattement : env. 2400 mm<\/li>\n<li>Garde au sol minimale : 330 mm<\/li>\n<li>Rayon de braquage minimal : 3200 mm<\/li>\n<li>Poids total : env. 3300 Kg<\/li>\n<li>Vitesse : 35 Km\/h<\/li>\n<li>R\u00e9servoir d&#8217;huile hydraulique : 32 litres<\/li>\n<li>Freins : \u00c9triers avec freins \u00e0 disque sur les quatre roues<\/li>\n<li>Pneus : 20.5-16<\/li>\n<\/ul>\n<p>[\/vc_column_text][vc_empty_space][vc_column_text]<\/p>\n<h2>Moteur<\/h2>\n<p>[\/vc_column_text][vc_empty_space][vc_column_text]Moteur Diesel Laidong Euro5, 50 CV[\/vc_column_text][vc_empty_space][\/vc_column][vc_column width=&#8221;1\/3&#8243;][vc_column_text]<\/p>\n<h2>Extras<\/h2>\n<p>[\/vc_column_text][vc_empty_space][vc_column_text]<\/p>\n<ul>\n<li>Godet standard (inclus)<\/li>\n<li>Avec cabine<\/li>\n<li>Syst\u00e8me de changement rapide pour le godet<\/li>\n<li>Joystick \u00e9lectrique<\/li>\n<li>Cam\u00e9ra de recul<\/li>\n<li>Volant r\u00e9glable<\/li>\n<li>Construction de haute qualit\u00e9 et robuste<\/li>\n<li>Facile \u00e0 utiliser<\/li>\n<li>Tr\u00e8s maniable<\/li>\n<li>Compacte et polyvalente<\/li>\n<li>Syst\u00e8me d&#8217;\u00e9clairage<\/li>\n<li>4 connexions hydrauliques (2 arriv\u00e9es et 2 retours)<\/li>\n<li>Syst\u00e8me de changement rapide hydraulique<\/li>\n<li>Troisi\u00e8me circuit hydraulique pour les accessoires<\/li>\n<li>Certifi\u00e9 CE selon les normes et directives les plus r\u00e9centes<\/li>\n<\/ul>\n<p>[\/vc_column_text][\/vc_column][\/vc_row]<\/p>\n<\/div>","protected":false},"excerpt":{"rendered":"<p><span style=\"color: #ff0000;\"><strong>La chargeuse est produite sur commande apr\u00e8s r\u00e9ception d&#8217;un acompte de 30 %. Le d\u00e9lai de livraison est d&#8217;environ 45 jours. Le paiement du solde est requis avant la livraison de la chargeuse. Commandez la chargeuse \u00e0 temps pour votre projet.<\/strong><\/span><\/p>\n<p>&nbsp;<\/p>\n<ul>\n<li><strong>Moteur<\/strong> : Moteur diesel, 50 CV, Euro5<br \/>\n<strong>Accessoires optionnels<\/strong> : Disponibles sur demande, tels que fourches \u00e0 palette, balayeuse, godet 4 en 1, etc.<br \/>\n<strong>Applications<\/strong> : Le partenaire professionnel id\u00e9al pour les travaux de construction, d\u2019agriculture et de logistique<br \/>\n<strong>Caract\u00e9ristiques<\/strong> : \u00c9quip\u00e9 d\u2019une cabine et d\u2019un nouveau design<\/p>\n<ul>\n<li><strong>Poids total<\/strong> : 3300 kg<\/li>\n<li><strong>Charge nominale\/capacit\u00e9 de levage<\/strong> : 2000 kg<\/li>\n<li><strong>Dimensions<\/strong> : 5000x1800x2750 mm<\/li>\n<li><strong>Hauteur de d\u00e9versement<\/strong> : 3200 mm<\/li>\n<li><strong>Godet standard<\/strong> : Inclus<\/li>\n<li><strong>Syst\u00e8me de changement rapide de godet<\/strong> : Inclus<\/li>\n<li><strong>Joystick \u00e9lectrique<\/strong> : Inclus<\/li>\n<li><strong>Construction robuste<\/strong> : De haute qualit\u00e9 et durable<\/li>\n<li><strong>Facilit\u00e9 d\u2019utilisation<\/strong> : Simple et convivial<\/li>\n<li><strong>Haute maniabilit\u00e9<\/strong> : Compact et polyvalent<\/li>\n<li><strong>Syst\u00e8me d\u2019\u00e9clairage<\/strong> : Int\u00e9gr\u00e9<\/li>\n<li><strong>Connexions hydrauliques<\/strong> : 4 (2 entr\u00e9es et 2 sorties)<\/li>\n<li><strong>Syst\u00e8me hydraulique de changement rapide<\/strong> : Inclus<\/li>\n<li><strong>Troisi\u00e8me circuit hydraulique pour accessoires<\/strong> : Inclus<\/li>\n<li><strong>Certifi\u00e9<\/strong> : Conforme CE selon les derni\u00e8res normes et directives<\/li>\n<\/ul>\n<\/li>\n<\/ul>\n","protected":false},"featured_media":299265,"comment_status":"open","ping_status":"closed","template":"","meta":{"inline_featured_image":false},"product_brand":[],"product_cat":[786,776],"class_list":{"0":"post-293488","1":"product","2":"type-product","3":"status-publish","4":"has-post-thumbnail","6":"product_cat-chargeuse-sur-pneus","7":"product_cat-sylviculture-et-amenagement-paysager","8":"product_shipping_class-fr_versand-xxl-fr","10":"first","11":"onbackorder","12":"taxable","13":"shipping-taxable","14":"purchasable","15":"product-type-simple"},"bundled_by":[],"bundle_stock_status":"onbackorder","bundle_stock_quantity":0,"bundle_virtual":false,"bundle_layout":"","bundle_add_to_cart_form_location":"","bundle_editable_in_cart":false,"bundle_sold_individually_context":"","bundle_item_grouping":"","bundle_min_size":"","bundle_max_size":"","bundle_price":[],"bundled_items":[],"bundle_sell_ids":[],"jetpack_sharing_enabled":true,"wcpa_form_fields":null,"_links":{"self":[{"href":"https:\/\/www.hzc-power.com\/fr\/wp-json\/wp\/v2\/product\/293488","targetHints":{"allow":["GET"]}}],"collection":[{"href":"https:\/\/www.hzc-power.com\/fr\/wp-json\/wp\/v2\/product"}],"about":[{"href":"https:\/\/www.hzc-power.com\/fr\/wp-json\/wp\/v2\/types\/product"}],"replies":[{"embeddable":true,"href":"https:\/\/www.hzc-power.com\/fr\/wp-json\/wp\/v2\/comments?post=293488"}],"wp:featuredmedia":[{"embeddable":true,"href":"https:\/\/www.hzc-power.com\/fr\/wp-json\/wp\/v2\/media\/299265"}],"wp:attachment":[{"href":"https:\/\/www.hzc-power.com\/fr\/wp-json\/wp\/v2\/media?parent=293488"}],"wp:term":[{"taxonomy":"product_brand","embeddable":true,"href":"https:\/\/www.hzc-power.com\/fr\/wp-json\/wp\/v2\/product_brand?post=293488"},{"taxonomy":"product_cat","embeddable":true,"href":"https:\/\/www.hzc-power.com\/fr\/wp-json\/wp\/v2\/product_cat?post=293488"}],"curies":[{"name":"wp","href":"https:\/\/api.w.org\/{rel}","templated":true}]}}