{"id":293619,"date":"2024-05-08T16:53:22","date_gmt":"2024-05-08T14:53:22","guid":{"rendered":"https:\/\/www.hzc-power.com\/non%20class\u00e9\/fendeuse-de-buches-horizontale-22-t-essence-electrique-avec-leve-buches-longueur-de-fendage-1-m-hs22331h\/fendeuse-de-buches-horizontale-22-t-essence-electrique-avec-leve-buches-longueur-de-fendage-1-m-hs22331h\/"},"modified":"2026-01-26T15:31:06","modified_gmt":"2026-01-26T14:31:06","slug":"fendeuse-de-buches-horizontale-22-t-essence-electrique-avec-leve-buches-longueur-de-fendage-1-m-hs22331h","status":"publish","type":"product","link":"https:\/\/www.hzc-power.com\/fr\/fendeuse-de-buches-horizontale-22-t-essence-electrique-avec-leve-buches-longueur-de-fendage-1-m-hs22331h\/","title":{"rendered":"Fendeuse de b\u00fbches HZC Power HS22331H, 22 t, 1 m, horizontale, essence \/ \u00e9lectrique"},"content":{"rendered":"<div class=\"wpb-content-wrapper\"><p>[vc_row css=&#8221;.vc_custom_1696415597822{padding-top: 3rem !important;padding-bottom: 3rem !important;}&#8221;][vc_column width=&#8221;2\/3&#8243;][vc_empty_space][vc_column_text]<\/p>\n<h2>Fendeuse de b\u00fbches horizontale 22 t essence \/ \u00e9lectrique avec l\u00e8ve-b\u00fbches, longueur de fendage 1 m (HS22331H)<\/h2>\n<p>[\/vc_column_text][vc_column_text]<br \/>\nAvec la <strong>HS22331H<\/strong> de <strong>HZC Power<\/strong>, vous pouvez fendre des b\u00fbches avec une <strong>force de fendage allant jusqu\u2019\u00e0 22 t<\/strong> et une <strong>longueur maximale de 1000 mm<\/strong> sans effort. Cette fendeuse offre ainsi la plus grande longueur de fendage de notre gamme et permet de traiter des b\u00fbches particuli\u00e8rement longues.<\/p>\n<p>Le <strong>moteur \u00e9lectrique<\/strong> peut \u00eatre d\u00e9marr\u00e9 confortablement <strong>sans lanceur<\/strong>, tandis que le <strong>moteur essence<\/strong> est d\u00e9marr\u00e9 \u00e0 l\u2019aide d\u2019un lanceur manuel.<\/p>\n<p>La <strong>HS22331H<\/strong> fonctionne en <strong>position horizontale<\/strong>. Pour une s\u00e9curit\u00e9 maximale, elle est \u00e9quip\u00e9e d\u2019une <strong>commande \u00e0 deux mains<\/strong> : d\u00e8s que les leviers sont rel\u00e2ch\u00e9s, le coin de fendage revient automatiquement en position initiale.<br \/>\n[\/vc_column_text][vc_empty_space][\/vc_column][\/vc_row]<\/p>\n<p>[vc_row][vc_column][vc_empty_space][\/vc_column][\/vc_row]<\/p>\n<p>[vc_row][vc_column][accordion_father][accordion_son title_padding=&#8221;17&#8243; title=&#8221;Donn\u00e9es techniques&#8221; bgclr=&#8221;#f7f7f7&#8243;]<br \/>\n<strong>Donn\u00e9es g\u00e9n\u00e9rales<\/strong><\/p>\n<ul>\n<li><strong>Fabricant :<\/strong> HZC Power<\/li>\n<li><strong>Mod\u00e8le :<\/strong> HS22331H<\/li>\n<li><strong>Force de fendage :<\/strong> 22 t<\/li>\n<li><strong>Longueur de fendage :<\/strong> max. 1000 mm<\/li>\n<li><strong>Cycle :<\/strong> 24 s<\/li>\n<li><strong>Capacit\u00e9 d\u2019huile hydraulique :<\/strong> 23,5 l (HLP46)<\/li>\n<li><strong>Poids du produit :<\/strong> 325 kg<\/li>\n<li><strong>Poids \u00e0 l\u2019exp\u00e9dition :<\/strong> 360 kg<\/li>\n<li><strong>Particularit\u00e9s :<\/strong> l\u00e8ve-b\u00fbches (jusqu\u2019\u00e0 50 kg), attelage, cadre de support<\/li>\n<li><strong>Positions de travail :<\/strong> Horizontale<\/li>\n<li><strong>Commande :<\/strong> \u00c0 deux mains<\/li>\n<li><strong>Dimensions du produit (L x l x H) :<\/strong> 277 cm x 101 cm x 173,5 cm<\/li>\n<\/ul>\n<p>&nbsp;<\/p>\n<p><strong>Moteur<\/strong><\/p>\n<ul>\n<li><strong>Moteur :<\/strong> Moteur essence 6,5 CV \/ moteur \u00e9lectrique 220V, 2,2 kW<\/li>\n<li><strong>Technologie moteur :<\/strong> Monocylindre, 4 temps, refroidi par air, OHV (soupapes en t\u00eate)<\/li>\n<li><strong>Cylindr\u00e9e :<\/strong> 208 cc<\/li>\n<li><strong>Cylindre :<\/strong> Cylindre avec chemise en fonte<\/li>\n<li><strong>Al\u00e9sage :<\/strong> 68,3 mm<\/li>\n<li><strong>Course :<\/strong> 55,9 mm<\/li>\n<li><strong>Capacit\u00e9 du r\u00e9servoir :<\/strong> 3,1 l<\/li>\n<li><strong>Capacit\u00e9 d\u2019huile :<\/strong> 0,6 l<\/li>\n<li><strong>Poids :<\/strong> 16 kg<\/li>\n<li><strong>Dimensions (l x L x H) :<\/strong> 321 x 376 x 346 mm<\/li>\n<\/ul>\n<p>[\/accordion_son][\/accordion_father]<\/p>\n<p>[accordion_father][accordion_son title_padding=&#8221;17&#8243; title=&#8221;\u00c9quipement de s\u00e9rie&#8221; bgclr=&#8221;#f7f7f7&#8243;]<\/p>\n<p>La <strong>HS22331H<\/strong> de HZC Power est \u00e9quip\u00e9e d\u2019un ensemble complet d\u2019\u00e9quipements de s\u00e9rie garantissant une utilisation s\u00fbre et efficace :<\/p>\n<ul>\n<li><strong>Puissant moteur essence 6,5 CV et moteur \u00e9lectrique 2,2 kW :<\/strong> Fonctionne en 220V pour un fendage fiable et respectueux de l\u2019environnement.<\/li>\n<li><strong>Force de fendage de 22 tonnes :<\/strong> Fend sans effort des b\u00fbches jusqu\u2019\u00e0 <strong>1000 mm de longueur<\/strong>.<\/li>\n<li><strong>Construction robuste :<\/strong> Ch\u00e2ssis en acier solide pour une grande long\u00e9vit\u00e9 et une stabilit\u00e9 \u00e9lev\u00e9e pendant l\u2019utilisation.<\/li>\n<li><strong>Syst\u00e8me hydraulique :<\/strong> R\u00e9servoir d\u2019huile hydraulique de <strong>23,5 litres<\/strong> pour des performances constantes. Un <strong>filtre \u00e0 huile hydraulique int\u00e9gr\u00e9<\/strong> prolonge la <strong>dur\u00e9e de vie de la fendeuse<\/strong>.<\/li>\n<li><strong>Utilisation simple :<\/strong> Commandes dispos\u00e9es de mani\u00e8re ergonomique pour une utilisation confortable et s\u00fbre.<\/li>\n<li><strong>Attelage :<\/strong> Gr\u00e2ce \u00e0 l\u2019<strong>attelage<\/strong>, la machine peut \u00eatre d\u00e9plac\u00e9e facilement sur une cour ou un terrain priv\u00e9. <strong>Attention :<\/strong> la <strong>HS22331H n\u2019est pas homologu\u00e9e pour la route<\/strong>.<\/li>\n<li><strong>Dispositifs de s\u00e9curit\u00e9 :<\/strong> Commande \u00e0 deux mains pour une s\u00e9curit\u00e9 maximale lors du fendage.<\/li>\n<\/ul>\n<p>[\/accordion_son][\/accordion_father]<\/p>\n<p>[accordion_father][accordion_son title_padding=&#8221;17&#8243; title=&#8221;Contenu de la livraison&#8221; bgclr=&#8221;#f7f7f7&#8243;]<\/p>\n<p>La <strong>HS22331H<\/strong> est livr\u00e9e avec tout le n\u00e9cessaire pour une mise en service imm\u00e9diate :<\/p>\n<ul>\n<li><strong>Fendeuse de b\u00fbches HS22331H<\/strong> (pr\u00e9assembl\u00e9e)<\/li>\n<li><strong>Huile hydraulique<\/strong><\/li>\n<li><strong>Notice d\u2019utilisation<\/strong><\/li>\n<\/ul>\n<p>L\u2019<strong>huile moteur<\/strong> n\u2019est <strong>pas<\/strong> incluse et doit \u00eatre <strong>achet\u00e9e et remplie s\u00e9par\u00e9ment<\/strong> (<strong>quantit\u00e9 : env. 0,6 \u00e0 1,1 litre<\/strong>).<\/p>\n<p>[\/accordion_son][\/accordion_father]<\/p>\n<p>[accordion_father][accordion_son title_padding=&#8221;17&#8243; title=&#8221;Informations de livraison&#8221; bgclr=&#8221;#f7f7f7&#8243;]<\/p>\n<p>La <strong>fendeuse de b\u00fbches HS22331H<\/strong> est livr\u00e9e en toute s\u00e9curit\u00e9, pr\u00e9assembl\u00e9e, par transporteur. Veuillez respecter les indications suivantes pour une mise en service sans probl\u00e8me :<\/p>\n<ul>\n<li><strong>Huile hydraulique :<\/strong> L\u2019huile hydraulique n\u00e9cessaire est fournie et doit simplement \u00eatre compl\u00e9t\u00e9e.<\/li>\n<li><strong>Montage :<\/strong> La fendeuse est livr\u00e9e pr\u00e9assembl\u00e9e ; seules quelques op\u00e9rations de montage mineures sont n\u00e9cessaires.<\/li>\n<li><strong>Livraison sur palette :<\/strong> La machine est transport\u00e9e en toute s\u00e9curit\u00e9 sur une palette afin d\u2019\u00e9viter les dommages pendant le transport.<\/li>\n<li><strong>Transport :<\/strong> La livraison s\u2019effectue par transporteur. Vous serez inform\u00e9 \u00e0 l\u2019avance de la date de livraison.<\/li>\n<\/ul>\n<p>Pour toute question concernant la livraison ou la mise en service, notre service client se tient \u00e0 votre disposition !<\/p>\n<p>[\/accordion_son][\/accordion_father][\/vc_column][\/vc_row]<\/p>\n<p>[vc_section full_width=&#8221;stretch_row&#8221; css=&#8221;.vc_custom_1696415565670{margin-top: 2rem !important;margin-bottom: 2rem !important;padding-top: 3rem !important;padding-bottom: 3rem !important;background-color: #fafafa !important;}&#8221;][vc_row css=&#8221;.vc_custom_1696415555579{padding-right: 1rem !important;padding-left: 1rem !important;}&#8221;][vc_column][vc_column_text css=&#8221;&#8221;]<\/p>\n<h2 style=\"text-align: center;\">Vid\u00e9o de montage \u2013 fendeuse de b\u00fbches<\/h2>\n<p>[\/vc_column_text][vc_empty_space][vc_column_text]<\/p>\n<p style=\"text-align: center;\"><div class=\"lyte-wrapper\" title=\"Montage von einem 40 t liegend Holzspalter mit Benzinmotor &amp;amp; Stammheber (HS40335) von HZC Power\" style=\"width:640px;max-width:100%;margin:5px auto;\"><div class=\"lyMe\" id=\"WYL_KtV8LPlO2jg\"><div id=\"lyte_KtV8LPlO2jg\" data-src=\"https:\/\/www.hzc-power.com\/wp-content\/plugins\/wp-youtube-lyte\/lyteCache.php?origThumbUrl=https%3A%2F%2Fi.ytimg.com%2Fvi%2FKtV8LPlO2jg%2Fhqdefault.jpg\" class=\"pL\"><div class=\"tC\"><div class=\"tT\">Montage von einem 40 t liegend Holzspalter mit Benzinmotor &amp; Stammheber (HS40335) von HZC Power<\/div><\/div><div class=\"play\"><\/div><div class=\"ctrl\"><div class=\"Lctrl\"><\/div><div class=\"Rctrl\"><\/div><\/div><\/div><noscript><a href=\"https:\/\/youtu.be\/KtV8LPlO2jg\" rel=\"nofollow noopener\" target=\"_blank\"><img loading=\"lazy\" decoding=\"async\" src=\"https:\/\/www.hzc-power.com\/wp-content\/plugins\/wp-youtube-lyte\/lyteCache.php?origThumbUrl=https%3A%2F%2Fi.ytimg.com%2Fvi%2FKtV8LPlO2jg%2F0.jpg\" alt=\"Montage von einem 40 t liegend Holzspalter mit Benzinmotor &amp;amp; Stammheber (HS40335) von HZC Power\" width=\"640\" height=\"340\" \/><br \/>Lire cette vid\u00e9o sur YouTube<\/a><\/noscript><\/div><\/div><div class=\"lL\" style=\"max-width:100%;width:640px;margin:5px auto;\"><\/div>\n<p>[\/vc_column_text][\/vc_column][\/vc_row][\/vc_section]<\/p>\n<\/div>","protected":false},"excerpt":{"rendered":"<p><span style=\"color: #ff0000;\"><strong>Disponible imm\u00e9diatement. <\/strong><\/span><span style=\"color: #ff0000;\"><strong>Les informations concernant le d\u00e9lai de livraison vous seront communiqu\u00e9es apr\u00e8s r\u00e9ception de la commande par notre <span style=\"color: #9e0000;\"><a style=\"color: #9e0000;\" href=\"\/?product_cat=contact\">service client<\/a><\/span>.<\/strong><\/span><\/p>\n<ul>\n<li><strong>22 t<\/strong> de force de fendage<\/li>\n<li>Hybride \u2013 <strong>essence \/ \u00e9lectrique<\/strong><\/li>\n<li>Cycle de fendage : <strong>24 secondes<\/strong><\/li>\n<li><strong>100 cm<\/strong> de longueur de fendage \u2013 <strong>1 m<\/strong><\/li>\n<li><strong>Travail horizontal<\/strong><\/li>\n<li>Diam\u00e8tre du bois : <strong>max. 50 cm<\/strong><\/li>\n<li><strong>Filtre \u00e0 huile<\/strong> pour une dur\u00e9e de vie prolong\u00e9e<\/li>\n<li>L\u00e8ve-b\u00fbches jusqu\u2019\u00e0 <strong>50 kg de capacit\u00e9 de charge<\/strong><\/li>\n<li><strong>Entra\u00eenement<\/strong> essence \/ \u00e9lectrique<\/li>\n<li><strong>Dimensions du produit (L x l x H) :<\/strong> 277 cm x 101 cm x 173,5 cm<\/li>\n<\/ul>\n<p>L\u2019<strong>huile moteur<\/strong> n\u2019est pas incluse et doit \u00eatre <strong>achet\u00e9e et remplie s\u00e9par\u00e9ment<\/strong> (<strong>quantit\u00e9 : env. 0,6 \u2013 1,1 litre<\/strong>).<\/p>\n<p><strong>Cette fendeuse de b\u00fbches est disponible uniquement en version pr\u00e9assembl\u00e9e.<\/strong><\/p>\n","protected":false},"featured_media":290499,"comment_status":"closed","ping_status":"closed","template":"","meta":{"inline_featured_image":false},"product_brand":[],"product_cat":[791,776],"class_list":{"0":"post-293619","1":"product","2":"type-product","3":"status-publish","4":"has-post-thumbnail","6":"product_cat-fendeuse-de-buches","7":"product_cat-sylviculture-et-amenagement-paysager","8":"product_shipping_class-spedition-3-anbauteile-bagger","9":"pa_antrieb-benzin-fr","10":"pa_antrieb-electricite","11":"pa_spaltkraft-22-t-fr","12":"pa_spaltlaenge-max-1000-mm-fr","14":"first","15":"instock","16":"sale","17":"taxable","18":"shipping-taxable","19":"purchasable","20":"product-type-simple"},"bundled_by":[],"bundle_stock_status":"instock","bundle_stock_quantity":8,"bundle_virtual":false,"bundle_layout":"","bundle_add_to_cart_form_location":"","bundle_editable_in_cart":false,"bundle_sold_individually_context":"","bundle_item_grouping":"","bundle_min_size":"","bundle_max_size":"","bundle_price":[],"bundled_items":[],"bundle_sell_ids":[],"jetpack_sharing_enabled":true,"wcpa_form_fields":null,"_links":{"self":[{"href":"https:\/\/www.hzc-power.com\/fr\/wp-json\/wp\/v2\/product\/293619","targetHints":{"allow":["GET"]}}],"collection":[{"href":"https:\/\/www.hzc-power.com\/fr\/wp-json\/wp\/v2\/product"}],"about":[{"href":"https:\/\/www.hzc-power.com\/fr\/wp-json\/wp\/v2\/types\/product"}],"replies":[{"embeddable":true,"href":"https:\/\/www.hzc-power.com\/fr\/wp-json\/wp\/v2\/comments?post=293619"}],"wp:featuredmedia":[{"embeddable":true,"href":"https:\/\/www.hzc-power.com\/fr\/wp-json\/wp\/v2\/media\/290499"}],"wp:attachment":[{"href":"https:\/\/www.hzc-power.com\/fr\/wp-json\/wp\/v2\/media?parent=293619"}],"wp:term":[{"taxonomy":"product_brand","embeddable":true,"href":"https:\/\/www.hzc-power.com\/fr\/wp-json\/wp\/v2\/product_brand?post=293619"},{"taxonomy":"product_cat","embeddable":true,"href":"https:\/\/www.hzc-power.com\/fr\/wp-json\/wp\/v2\/product_cat?post=293619"}],"curies":[{"name":"wp","href":"https:\/\/api.w.org\/{rel}","templated":true}]}}