{"id":295527,"date":"2025-05-16T12:10:38","date_gmt":"2025-05-16T10:10:38","guid":{"rendered":"https:\/\/www.hzc-power.com\/?post_type=product&#038;p=295527"},"modified":"2026-04-20T13:22:12","modified_gmt":"2026-04-20T11:22:12","slug":"attache-rapide-2-pour-pelle-araignee-hzc-power-bzr360-sw2bzr360","status":"publish","type":"product","link":"https:\/\/www.hzc-power.com\/fr\/attache-rapide-2-pour-pelle-araignee-hzc-power-bzr360-sw2bzr360\/","title":{"rendered":"Attache rapide 2 pour pelle araign\u00e9e HZC Power BZR360 (SW2BZR360)"},"content":{"rendered":"<div class=\"wpb-content-wrapper\"><p>[vc_row css=&#8221;.vc_custom_1696421734791{padding-top: 3rem !important;padding-bottom: 3rem !important;}&#8221;][vc_column width=&#8221;1\/2&#8243;][vc_column_text]<\/p>\n<h2>Attache rapide 2 pour pelle araign\u00e9e HZC Power (SWBZR360)<\/h2>\n<p>[\/vc_column_text][vc_empty_space][vc_column_text]L\u2019<strong>attache rapide 2<\/strong> pour la pelle araign\u00e9e <a href=\"\/?product_cat=schreitbagger-hzc-power-bzr360\">BZR360<\/a> (SW2BZR360) permet un changement d\u2019accessoires sans effort et augmente ainsi consid\u00e9rablement la flexibilit\u00e9 et la productivit\u00e9.<\/p>\n<p><strong>Gr\u00e2ce \u00e0 notre syst\u00e8me d\u2019attache rapide HZC Power, le changement d\u2019accessoires est simple et rapide.<\/strong><\/p>\n<p><span style=\"color: #ff0000;\"><strong><span style=\"color: #000000;\">Cette attache rapide 2 est uniquement compatible avec les accessoires suivants :<\/span> RE5, BBS810H, BBS610H, BBS1100, BBS810, SBBS810, BRZ25, BBS200, BBS375, BBS610<\/strong><\/span>[\/vc_column_text][\/vc_column][\/vc_row][vc_row][vc_column][accordion_father][accordion_son title_padding=&#8221;17&#8243; title=&#8221;Informations de livraison&#8221; bgclr=&#8221;#f7f7f7&#8243;]Chez HZC Power, nous accordons une grande importance \u00e0 la qualit\u00e9 maximale, \u00e0 une fabrication techniquement irr\u00e9prochable et \u00e0 une construction robuste. Nos produits sont livr\u00e9s partiellement mont\u00e9s par transporteur. Nous proposons un tarif d\u2019exp\u00e9dition fixe, automatiquement calcul\u00e9 dans le panier (vous trouverez des informations suppl\u00e9mentaires sur la livraison <a href=\"\/?product_cat=versand\"><strong>ici<\/strong><\/a>). Vous pouvez \u00e9galement venir voir nos produits sur rendez-vous \u00e0 notre si\u00e8ge ou les retirer gratuitement.[\/accordion_son][\/accordion_father][\/vc_column][\/vc_row]<\/p>\n<\/div>","protected":false},"excerpt":{"rendered":"<div class=\"woocommerce-product-details__short-description\">\n<p><span style=\"color: #ff0000;\"><strong>Disponible maintenant. Les informations concernant le d\u00e9lai de livraison vous seront communiqu\u00e9es apr\u00e8s r\u00e9ception de votre commande par notre <span style=\"color: #9e0000;\"><a style=\"color: #9e0000;\" href=\"\/?product_cat=kontakt\">service client<\/a><\/span>.<\/strong><\/span><\/p>\n<ul>\n<li><strong>Compatible<\/strong> avec BRZ360<\/li>\n<li>Fabrication en <strong>acier de haute qualit\u00e9<\/strong><\/li>\n<li>Gr\u00e2ce \u00e0 notre syst\u00e8me d\u2019<strong>attache rapide HZC Power<\/strong>, le changement d\u2019accessoires est simple<\/li>\n<li><span style=\"color: #ff0000;\"><span style=\"color: #000000;\">Cette attache rapide 2 est uniquement compatible avec les accessoires suivants :<\/span> <\/span><span style=\"color: #ff0000;\"><strong>BBS810H, BBS610H, BBS1100, BBS810, SBBS810, BRZ25, BBS200, BBS375, BBS610<\/strong><\/span><\/li>\n<\/ul>\n<\/div>\n","protected":false},"featured_media":294859,"comment_status":"closed","ping_status":"closed","template":"","meta":{"inline_featured_image":false},"product_brand":[],"product_cat":[787,776],"class_list":{"0":"post-295527","1":"product","2":"type-product","3":"status-publish","4":"has-post-thumbnail","6":"product_cat-accessoires-pour-pelles","7":"product_cat-sylviculture-et-amenagement-paysager","8":"product_shipping_class-versand-a","10":"first","11":"instock","12":"taxable","13":"shipping-taxable","14":"purchasable","15":"product-type-simple"},"bundled_by":["291231"],"bundle_stock_status":"instock","bundle_stock_quantity":13,"bundle_virtual":false,"bundle_layout":"","bundle_add_to_cart_form_location":"","bundle_editable_in_cart":false,"bundle_sold_individually_context":"","bundle_item_grouping":"","bundle_min_size":"","bundle_max_size":"","bundle_price":[],"bundled_items":[],"bundle_sell_ids":[],"jetpack_sharing_enabled":true,"wcpa_form_fields":null,"_links":{"self":[{"href":"https:\/\/www.hzc-power.com\/fr\/wp-json\/wp\/v2\/product\/295527","targetHints":{"allow":["GET"]}}],"collection":[{"href":"https:\/\/www.hzc-power.com\/fr\/wp-json\/wp\/v2\/product"}],"about":[{"href":"https:\/\/www.hzc-power.com\/fr\/wp-json\/wp\/v2\/types\/product"}],"replies":[{"embeddable":true,"href":"https:\/\/www.hzc-power.com\/fr\/wp-json\/wp\/v2\/comments?post=295527"}],"wp:featuredmedia":[{"embeddable":true,"href":"https:\/\/www.hzc-power.com\/fr\/wp-json\/wp\/v2\/media\/294859"}],"wp:attachment":[{"href":"https:\/\/www.hzc-power.com\/fr\/wp-json\/wp\/v2\/media?parent=295527"}],"wp:term":[{"taxonomy":"product_brand","embeddable":true,"href":"https:\/\/www.hzc-power.com\/fr\/wp-json\/wp\/v2\/product_brand?post=295527"},{"taxonomy":"product_cat","embeddable":true,"href":"https:\/\/www.hzc-power.com\/fr\/wp-json\/wp\/v2\/product_cat?post=295527"}],"curies":[{"name":"wp","href":"https:\/\/api.w.org\/{rel}","templated":true}]}}