{"id":295931,"date":"2025-06-06T11:47:18","date_gmt":"2025-06-06T09:47:18","guid":{"rendered":"https:\/\/www.hzc-power.com\/?post_type=product&#038;p=295931"},"modified":"2025-07-09T11:41:28","modified_gmt":"2025-07-09T09:41:28","slug":"kit-dentretien-pour-mini-pelle-a-moteur-diesel-wkd","status":"publish","type":"product","link":"https:\/\/www.hzc-power.com\/fr\/kit-dentretien-pour-mini-pelle-a-moteur-diesel-wkd\/","title":{"rendered":"Kit d\u2019entretien pour mini-pelle \u00e0 moteur diesel (WKD)"},"content":{"rendered":"<div class=\"wpb-content-wrapper\"><p>[vc_row css=&#8221;.vc_custom_1696422354233{padding-top: 3rem !important;padding-bottom: 3rem !important;}&#8221;][vc_column width=&#8221;1\/2&#8243;][vc_column_text]Kit d\u2019entretien pour mini-pelle \u00e0 moteur diesel (WKD)[\/vc_column_text][vc_empty_space][vc_column_text]Avec le kit d\u2019entretien pour nos <strong>mini-pelles \u00e0 moteur diesel<\/strong>, vous \u00eates parfaitement \u00e9quip\u00e9 pour entretenir et maintenir votre machine en bon \u00e9tat. Il contient les \u00e9l\u00e9ments essentiels n\u00e9cessaires \u00e0 l\u2019entretien r\u00e9gulier des mini-pelles HZC Power. Il inclut \u00e9galement certaines pi\u00e8ces d\u2019usure qu\u2019il convient de remplacer de temps en temps.<\/p>\n<p>&nbsp;<\/p>\n<p><strong>Contenu du kit d\u2019entretien:<\/strong><\/p>\n<ul>\n<li data-start=\"492\" data-end=\"528\"><strong>Huile hydraulique:<\/strong> env. 20 litres<\/li>\n<li data-start=\"531\" data-end=\"565\"><strong>Huile moteur (diesel):<\/strong> 1500 ml<\/li>\n<li data-start=\"568\" data-end=\"595\"><strong>Graisse:<\/strong> un petit sachet<\/li>\n<li data-start=\"598\" data-end=\"633\"><strong>Contacteur de d\u00e9marrage:<\/strong> 1 pi\u00e8ce<\/li>\n<li data-start=\"636\" data-end=\"684\"><strong>Filtre \u00e0 huile hydraulique (diesel)<\/strong>: 1 pi\u00e8ce<\/li>\n<li data-start=\"687\" data-end=\"721\"><strong>Filtre \u00e0 air (diesel):<\/strong> 1 pi\u00e8ce<\/li>\n<li data-start=\"724\" data-end=\"778\"><strong>Goupilles de changement rapide pour godet:<\/strong> 2 pi\u00e8ces<\/li>\n<li data-start=\"781\" data-end=\"811\"><strong>Graisseurs coud\u00e9s:<\/strong> 2 pi\u00e8ces<\/li>\n<li data-start=\"814\" data-end=\"844\"><strong>Graisseurs droits:<\/strong> 5 pi\u00e8ces<\/li>\n<li data-start=\"847\" data-end=\"895\"><strong>Anneau de s\u00e9curit\u00e9 pour axe de godet:<\/strong> 1 pi\u00e8ce<\/li>\n<li data-start=\"898\" data-end=\"918\"><strong>Fusible:<\/strong> 2 pi\u00e8ces<\/li>\n<li data-start=\"921\" data-end=\"959\"><strong>Ruban d\u2019\u00e9tanch\u00e9it\u00e9:<\/strong> 1 petit rouleau<\/li>\n<li data-start=\"962\" data-end=\"1040\"><strong>Joints toriques pour raccords de tuyaux (14, 18, 22 mm):<\/strong> 2 pi\u00e8ces de chaque<\/li>\n<\/ul>\n<p>[\/vc_column_text][\/vc_column][\/vc_row][vc_row][vc_column][vc_empty_space][\/vc_column][\/vc_row]<\/p>\n<\/div>","protected":false},"excerpt":{"rendered":"<p><span style=\"color: #ff0000;\"><strong>Disponible \u00e0 partir de fin ao\u00fbt.<\/strong><\/span><\/p>\n<ul>\n<li><strong data-start=\"1042\" data-end=\"1107\">Kit d\u2019entretien pour mini-pelle \u00e0 moteur diesel <\/strong>de HZC Power<\/li>\n<li>Pour un entretien r\u00e9gulier et le remplacement de diverses pi\u00e8ces d\u2019usure<\/li>\n<\/ul>\n","protected":false},"featured_media":295894,"comment_status":"closed","ping_status":"closed","template":"","meta":{"inline_featured_image":false},"product_brand":[],"product_cat":[776,787],"class_list":{"0":"post-295931","1":"product","2":"type-product","3":"status-publish","4":"has-post-thumbnail","6":"product_cat-sylviculture-et-amenagement-paysager","7":"product_cat-accessoires-pour-pelles","8":"product_shipping_class-versand-3","10":"first","11":"onbackorder","12":"sale","13":"taxable","14":"shipping-taxable","15":"purchasable","16":"product-type-simple"},"bundled_by":["28618","286423","291162","287614","286531","286874"],"bundle_stock_status":"onbackorder","bundle_stock_quantity":-7,"bundle_virtual":false,"bundle_layout":"","bundle_add_to_cart_form_location":"","bundle_editable_in_cart":false,"bundle_sold_individually_context":"","bundle_item_grouping":"","bundle_min_size":"","bundle_max_size":"","bundle_price":[],"bundled_items":[],"bundle_sell_ids":[],"jetpack_sharing_enabled":true,"wcpa_form_fields":null,"_links":{"self":[{"href":"https:\/\/www.hzc-power.com\/fr\/wp-json\/wp\/v2\/product\/295931","targetHints":{"allow":["GET"]}}],"collection":[{"href":"https:\/\/www.hzc-power.com\/fr\/wp-json\/wp\/v2\/product"}],"about":[{"href":"https:\/\/www.hzc-power.com\/fr\/wp-json\/wp\/v2\/types\/product"}],"replies":[{"embeddable":true,"href":"https:\/\/www.hzc-power.com\/fr\/wp-json\/wp\/v2\/comments?post=295931"}],"wp:featuredmedia":[{"embeddable":true,"href":"https:\/\/www.hzc-power.com\/fr\/wp-json\/wp\/v2\/media\/295894"}],"wp:attachment":[{"href":"https:\/\/www.hzc-power.com\/fr\/wp-json\/wp\/v2\/media?parent=295931"}],"wp:term":[{"taxonomy":"product_brand","embeddable":true,"href":"https:\/\/www.hzc-power.com\/fr\/wp-json\/wp\/v2\/product_brand?post=295931"},{"taxonomy":"product_cat","embeddable":true,"href":"https:\/\/www.hzc-power.com\/fr\/wp-json\/wp\/v2\/product_cat?post=295931"}],"curies":[{"name":"wp","href":"https:\/\/api.w.org\/{rel}","templated":true}]}}