{"id":296320,"date":"2025-06-26T15:52:57","date_gmt":"2025-06-26T13:52:57","guid":{"rendered":"https:\/\/www.hzc-power.com\/?post_type=product&#038;p=296320"},"modified":"2026-01-23T16:23:59","modified_gmt":"2026-01-23T15:23:59","slug":"hzc-power-fendeuse-buches-hs3047-30-t-57cm-essence","status":"publish","type":"product","link":"https:\/\/www.hzc-power.com\/fr\/hzc-power-fendeuse-buches-hs3047-30-t-57cm-essence\/","title":{"rendered":"Fendeuse de b\u00fbches HZC Power HS3047, 30 t"},"content":{"rendered":"<div class=\"wpb-content-wrapper\"><p>[vc_row css=&#8221;.vc_custom_1696411153660{padding-top: 3rem !important;padding-bottom: 3rem !important;}&#8221;][vc_column width=&#8221;2\/3&#8243;][vc_column_text]<\/p>\n<h2>Fendeuse de b\u00fbches HZC Power HS3047, 30 t<\/h2>\n<p>[\/vc_column_text][vc_empty_space][vc_column_text css=&#8221;&#8221;]<\/p>\n<p data-start=\"127\" data-end=\"483\">La fendeuse de b\u00fbches HS3047 de 30 tonnes est une machine puissante et robuste, con\u00e7ue pour un usage professionnel et intensif dans le fendage du bois.<\/p>\n<p data-start=\"485\" data-end=\"846\">Gr\u00e2ce \u00e0 sa <strong data-start=\"496\" data-end=\"519\">conception verticale<\/strong>, la machine est id\u00e9ale pour le fendage de b\u00fbches lourdes et de grande taille. La <strong data-start=\"611\" data-end=\"638\">plateforme d\u2019alimentation \u00e0 treuil int\u00e9gr\u00e9e<\/strong> facilite le levage des billes de bois \u00e0 hauteur de travail \u2013 confortablement et sans effort physique. Une fois la hauteur souhait\u00e9e atteinte, la plateforme se verrouille automatiquement, garantissant une utilisation particuli\u00e8rement s\u00fbre.<\/p>\n<p data-start=\"848\" data-end=\"1113\">La <strong data-start=\"861\" data-end=\"876\">pompe double<\/strong> int\u00e9gr\u00e9e permet des cycles de fendage rapides \u00e0 basse pression et passe automatiquement \u00e0 une vitesse s\u00fbre pendant le fendage. La <strong data-start=\"1008\" data-end=\"1035\">lame de fendage \u00e9largie<\/strong> ainsi qu\u2019un temps de cycle d\u2019environ 15 secondes assurent un travail efficace.<\/p>\n<p data-start=\"1115\" data-end=\"1479\">Avec une <strong data-start=\"1125\" data-end=\"1163\">force de fendage maximale de 30 tonnes<\/strong>, un <strong data-start=\"1171\" data-end=\"1209\">diam\u00e8tre de fendage jusqu\u2019\u00e0 500 mm<\/strong> et une <strong data-start=\"1220\" data-end=\"1252\">longueur de fendage jusqu\u2019\u00e0 600 mm<\/strong>, la HS3047 vient \u00e0 bout sans difficult\u00e9 des billes particuli\u00e8rement \u00e9paisses. Malgr\u00e9 son poids d\u2019environ 342 kg, la machine reste facile \u00e0 transporter gr\u00e2ce \u00e0 de <strong data-start=\"1380\" data-end=\"1407\">grandes roues directrices de 8 pouces<\/strong> et \u00e0 un <strong data-start=\"1417\" data-end=\"1459\">dispositif d\u2019attelage avec boule de 2 pouces<\/strong>.<\/p>\n<p data-start=\"1481\" data-end=\"1807\">Pour une s\u00e9curit\u00e9 maximale, la fendeuse est \u00e9quip\u00e9e d\u2019une <strong data-start=\"1531\" data-end=\"1551\">commande \u00e0 une main<\/strong>, d\u2019une <strong data-start=\"1559\" data-end=\"1584\">gaine de protection hydraulique<\/strong> et d\u2019un <strong data-start=\"1595\" data-end=\"1651\">arr\u00eat automatique du moteur en cas de niveau d\u2019huile bas<\/strong>. D\u2019autres d\u00e9tails pratiques tels qu\u2019un <strong data-start=\"1701\" data-end=\"1719\">support d\u2019outils<\/strong> et une <strong data-start=\"1741\" data-end=\"1786\">commande hydraulique bien pens\u00e9e avec retour automatique<\/strong> compl\u00e8tent l\u2019\u00e9quipement.<\/p>\n<p data-start=\"1809\" data-end=\"1937\">La HS3047 est la solution id\u00e9ale pour tous ceux qui traitent r\u00e9guli\u00e8rement de grandes quantit\u00e9s de bois \u2013 fiable, confortable et s\u00fbre.<\/p>\n<p>[\/vc_column_text][\/vc_column][\/vc_row]<br \/>\n[vc_row][vc_column][accordion_father][accordion_son title_padding=&#8221;17&#8243; bgclr=&#8221;#f7f7f7&#8243; title=&#8221;Donn\u00e9es techniques&#8221;]<\/p>\n<ul>\n<li data-start=\"241\" data-end=\"268\">\n<p data-start=\"243\" data-end=\"268\"><strong data-start=\"243\" data-end=\"258\">Force de fendage :<\/strong> 30 tonnes<\/p>\n<\/li>\n<li data-start=\"270\" data-end=\"305\">\n<p data-start=\"272\" data-end=\"305\"><strong data-start=\"272\" data-end=\"298\">Diam\u00e8tre de fendage max. :<\/strong> 500 mm<\/p>\n<\/li>\n<li data-start=\"307\" data-end=\"336\">\n<p data-start=\"309\" data-end=\"336\"><strong data-start=\"309\" data-end=\"329\">Longueur de fendage max. :<\/strong> 600 mm<\/p>\n<\/li>\n<li data-start=\"338\" data-end=\"374\">\n<p data-start=\"340\" data-end=\"374\"><strong data-start=\"340\" data-end=\"350\">Pompe :<\/strong> pompe \u00e0 engrenages 10.9 \/ 2.1<\/p>\n<\/li>\n<li data-start=\"376\" data-end=\"429\">\n<p data-start=\"378\" data-end=\"429\"><strong data-start=\"378\" data-end=\"413\">Temps de cycle (avance et retour) :<\/strong> env. 15 secondes<\/p>\n<\/li>\n<li data-start=\"431\" data-end=\"461\">\n<p data-start=\"433\" data-end=\"461\"><strong data-start=\"433\" data-end=\"450\">Poids net :<\/strong> env. 342 kg<\/p>\n<\/li>\n<li data-start=\"463\" data-end=\"495\">\n<p data-start=\"465\" data-end=\"495\"><strong data-start=\"465\" data-end=\"484\">Poids \u00e0 l\u2019exp\u00e9dition :<\/strong> env. 418 kg<\/p>\n<\/li>\n<li data-start=\"497\" data-end=\"559\">\n<p data-start=\"499\" data-end=\"559\"><strong data-start=\"499\" data-end=\"531\">Dimensions de l\u2019emballage (L \u00d7 l \u00d7 H) :<\/strong> 2000 mm \u00d7 1210 mm \u00d7 1920 mm<\/p>\n<\/li>\n<li data-start=\"561\" data-end=\"588\">\n<p data-start=\"563\" data-end=\"588\"><strong data-start=\"563\" data-end=\"579\">Mode de fonctionnement :<\/strong> vertical<\/p>\n<\/li>\n<li data-start=\"590\" data-end=\"664\">\n<p data-start=\"592\" data-end=\"664\"><strong data-start=\"592\" data-end=\"606\">Transport :<\/strong> roues directrices 8 pouces, dispositif d\u2019attelage avec boule 2 pouces<\/p>\n<\/li>\n<li data-start=\"666\" data-end=\"736\">\n<p data-start=\"668\" data-end=\"736\"><strong data-start=\"668\" data-end=\"682\">Alimentation :<\/strong> plateforme d\u2019alimentation \u00e0 treuil avec verrouillage automatique<\/p>\n<\/li>\n<li data-start=\"738\" data-end=\"815\">\n<p data-start=\"740\" data-end=\"815\"><strong data-start=\"740\" data-end=\"760\">Valve hydraulique :<\/strong> retour avec valve hydraulique rapide \u00e0 verrouillage s\u00e9curis\u00e9<\/p>\n<\/li>\n<li data-start=\"817\" data-end=\"850\">\n<p data-start=\"819\" data-end=\"850\"><strong data-start=\"819\" data-end=\"833\">Commande :<\/strong> commande \u00e0 une main<\/p>\n<\/li>\n<\/ul>\n<p>[\/accordion_son][\/accordion_father]<br \/>\n[accordion_father][accordion_son title_padding=&#8221;17&#8243; bgclr=&#8221;#f7f7f7&#8243; title=&#8221;\u00c9quipement de s\u00e9rie&#8221;]<\/p>\n<ul>\n<li data-start=\"1751\" data-end=\"1810\">\n<p data-start=\"1753\" data-end=\"1810\"><strong data-start=\"1753\" data-end=\"1780\">Plateforme d\u2019alimentation \u00e0 treuil<\/strong> avec verrouillage automatique<\/p>\n<\/li>\n<li data-start=\"1811\" data-end=\"1868\">\n<p data-start=\"1813\" data-end=\"1868\"><strong data-start=\"1813\" data-end=\"1833\">Commande \u00e0 une main<\/strong> pour une utilisation simple et s\u00e9curis\u00e9e<\/p>\n<\/li>\n<li data-start=\"1869\" data-end=\"1922\">\n<p data-start=\"1871\" data-end=\"1922\"><strong data-start=\"1871\" data-end=\"1896\">Gaine de protection hydraulique<\/strong> contre l\u2019\u00e9clatement des flexibles<\/p>\n<\/li>\n<li data-start=\"1923\" data-end=\"1980\">\n<p data-start=\"1925\" data-end=\"1980\"><strong data-start=\"1925\" data-end=\"1958\">Arr\u00eat automatique du moteur<\/strong> en cas de niveau d\u2019huile bas<\/p>\n<\/li>\n<li data-start=\"1981\" data-end=\"2012\">\n<p data-start=\"1983\" data-end=\"2012\"><strong data-start=\"1983\" data-end=\"2001\">Support d\u2019outils<\/strong> int\u00e9gr\u00e9<\/p>\n<\/li>\n<\/ul>\n<p>[\/accordion_son][\/accordion_father]<br \/>\n[accordion_father][accordion_son title_padding=&#8221;17&#8243; bgclr=&#8221;#f7f7f7&#8243; title=&#8221;Contenu de la livraison&#8221;]<\/p>\n<p data-start=\"59\" data-end=\"149\">La <strong data-start=\"63\" data-end=\"75\">HS3047<\/strong> est livr\u00e9e avec tout le n\u00e9cessaire pour une mise en service imm\u00e9diate :<\/p>\n<ul data-start=\"151\" data-end=\"280\">\n<li data-start=\"151\" data-end=\"201\"><strong data-start=\"153\" data-end=\"185\">Fendeuse de b\u00fbches HS3047<\/strong><\/li>\n<li data-start=\"202\" data-end=\"252\"><strong data-start=\"204\" data-end=\"250\">Huile hydraulique<\/strong><\/li>\n<li data-start=\"253\" data-end=\"280\"><strong data-start=\"255\" data-end=\"278\">Manuel d\u2019utilisation<\/strong><\/li>\n<\/ul>\n<p data-start=\"282\" data-end=\"404\" data-is-last-node=\"\">L\u2019<strong>huile moteur<\/strong> n\u2019est <strong>pas<\/strong> incluse et doit \u00eatre <strong>achet\u00e9e et remplie s\u00e9par\u00e9ment<\/strong> (<strong>quantit\u00e9 : env. 0,6 \u2013 1,1 litre<\/strong>).<\/p>\n<p>[\/accordion_son][\/accordion_father]<br \/>\n[accordion_father][accordion_son title_padding=&#8221;17&#8243; bgclr=&#8221;#f7f7f7&#8243; title=&#8221;Informations de livraison&#8221;]<\/p>\n<p data-start=\"61\" data-end=\"237\">La <strong data-start=\"65\" data-end=\"97\">fendeuse de b\u00fbches HS3047<\/strong> est livr\u00e9e emball\u00e9e en toute s\u00e9curit\u00e9 et pr\u00e9mont\u00e9e par transporteur. Pour une mise en service sans probl\u00e8me, veuillez tenir compte des indications suivantes :<\/p>\n<ul data-start=\"239\" data-end=\"753\">\n<li data-start=\"239\" data-end=\"354\"><strong data-start=\"241\" data-end=\"256\">Huile hydraulique<\/strong> : l\u2019huile hydraulique n\u00e9cessaire est fournie et doit simplement \u00eatre remplie.<\/li>\n<li data-start=\"470\" data-end=\"604\"><strong data-start=\"472\" data-end=\"497\">Livraison sur palette<\/strong> : la machine est transport\u00e9e en toute s\u00e9curit\u00e9 sur une palette afin d\u2019\u00e9viter tout dommage pendant le transport.<\/li>\n<li data-start=\"605\" data-end=\"753\"><strong data-start=\"607\" data-end=\"628\">Exp\u00e9dition par transporteur<\/strong> : la livraison est effectu\u00e9e par transporteur. Vous serez inform\u00e9 \u00e0 l\u2019avance de la date de livraison afin d\u2019organiser la r\u00e9ception.<\/li>\n<\/ul>\n<p data-start=\"755\" data-end=\"875\" data-is-last-node=\"\">Pour toute question concernant la livraison ou la mise en service, notre service client se tient \u00e0 votre disposition \u00e0 tout moment.<\/p>\n<p>[\/accordion_son][\/accordion_father][\/vc_column][\/vc_row]<\/p>\n<\/div>","protected":false},"excerpt":{"rendered":"<p><span style=\"color: #ff0000;\"><strong>Disponible imm\u00e9diatement. <\/strong><strong>Les informations concernant le d\u00e9lai de livraison vous seront communiqu\u00e9es apr\u00e8s r\u00e9ception de votre commande par notre <span style=\"color: #9e0000;\"><a style=\"color: #9e0000;\" href=\"\/?product_cat=contact\">service client<\/a><\/span>.<\/strong><\/span><\/p>\n<ul>\n<li data-start=\"84\" data-end=\"152\">\n<p data-start=\"87\" data-end=\"152\"><strong data-start=\"87\" data-end=\"111\">Force de fendage de 30 tonnes<\/strong> \u2013 id\u00e9ale pour les b\u00fbches grandes et dures<\/p>\n<\/li>\n<li data-start=\"153\" data-end=\"218\">\n<p data-start=\"156\" data-end=\"218\"><strong data-start=\"156\" data-end=\"170\">Choix du moteur :<\/strong> moteur essence Jiao<\/p>\n<\/li>\n<li data-start=\"219\" data-end=\"277\">\n<p data-start=\"222\" data-end=\"277\"><strong data-start=\"222\" data-end=\"244\">Fonctionnement vertical<\/strong> \u2013 ergonomique et peu encombrant<\/p>\n<\/li>\n<li data-start=\"278\" data-end=\"340\">\n<p data-start=\"281\" data-end=\"340\"><strong data-start=\"281\" data-end=\"308\">Plateforme d\u2019alimentation \u00e0 treuil<\/strong> avec verrouillage automatique<\/p>\n<\/li>\n<li data-start=\"341\" data-end=\"404\">\n<p data-start=\"344\" data-end=\"404\"><strong data-start=\"344\" data-end=\"359\">Pompe double<\/strong> pour un fendage rapide et puissant<\/p>\n<\/li>\n<li data-start=\"405\" data-end=\"474\">\n<p data-start=\"408\" data-end=\"474\"><strong data-start=\"408\" data-end=\"426\">Facile \u00e0 transporter<\/strong> gr\u00e2ce aux roues directrices de 8 pouces et au dispositif d\u2019attelage<\/p>\n<\/li>\n<li data-start=\"475\" data-end=\"541\">\n<p data-start=\"478\" data-end=\"541\"><strong data-start=\"478\" data-end=\"497\">S\u00e9curit\u00e9 \u00e9lev\u00e9e<\/strong> gr\u00e2ce \u00e0 la commande \u00e0 une main et \u00e0 la protection contre le manque d\u2019huile<\/p>\n<\/li>\n<\/ul>\n","protected":false},"featured_media":296361,"comment_status":"open","ping_status":"closed","template":"","meta":{"inline_featured_image":false},"product_brand":[],"product_cat":[788,791,789],"class_list":{"0":"post-296320","1":"product","2":"type-product","3":"status-publish","4":"has-post-thumbnail","6":"product_cat-cour-et-jardin","7":"product_cat-fendeuse-de-buches","8":"product_cat-travail-du-bois","9":"product_shipping_class-spedition-3-anbauteile-bagger","10":"wcpa_has_options","12":"first","13":"instock","14":"sale","15":"taxable","16":"shipping-taxable","17":"purchasable","18":"product-type-simple"},"bundled_by":[],"bundle_stock_status":"instock","bundle_stock_quantity":2,"bundle_virtual":false,"bundle_layout":"","bundle_add_to_cart_form_location":"","bundle_editable_in_cart":false,"bundle_sold_individually_context":"","bundle_item_grouping":"","bundle_min_size":"","bundle_max_size":"","bundle_price":[],"bundled_items":[],"bundle_sell_ids":[],"jetpack_sharing_enabled":true,"wcpa_form_fields":{"wcpaData":{"product":{"product_price":2319,"price_html":"<del aria-hidden=\"true\"><span class=\"woocommerce-Price-amount amount\"><bdi>2.699,00&nbsp;<span class=\"woocommerce-Price-currencySymbol\">&euro;<\/span><\/bdi><\/span><\/del> <span class=\"screen-reader-text\">Le prix initial \u00e9tait\u00a0: 2.699,00&nbsp;&euro;.<\/span><ins aria-hidden=\"true\"><span class=\"woocommerce-Price-amount amount\"><bdi>2.319,00&nbsp;<span class=\"woocommerce-Price-currencySymbol\">&euro;<\/span><\/bdi><\/span><\/ins><span class=\"screen-reader-text\">Le prix actuel est\u00a0: 2.319,00&nbsp;&euro;.<\/span><div class=\"gm-wp_bakery_woocommerce_get_price_html\">\n\t\t<div class=\"wgm-info woocommerce-de_price_taxrate \"><\/div>\n\t\t<div class=\"wgm-info woocommerce_de_versandkosten\">plus <a class=\"versandkosten\" href=\"https:\/\/www.hzc-power.com\/fr\/expedition-et-livraison\/\" target=\"_blank\">frais de port<\/a><\/div><\/div>","original_product_price":2699,"price_including_tax":2319,"price_excluding_tax":1948.739496,"product_id":{"parent":296320,"variation":false},"is_variable":false,"stock_status":"instock","stock_quantity":2,"parent_sku":"HS3047","product_attributes":[],"custom_fields":[],"is_taxable":true,"product_name":"Fendeuse de b\u00fbches HZC Power HS3047, 30 t","hasImage":false},"fields":{"sec_36435698965031":{"extra":{"key":"sec_36435698965031","section_id":"sec_36435698965031","name":"Default","status":1,"cl_rule":"show","enableCl":false,"relations":[],"toggle":true,"title_tag":"h3","show_title":false,"showPrice":"default","repeater_section_field_label":"{field_label}","repeater_section_label":"{section_name}","repeater_bind":"","form_id":287152,"form_rules":{"exclude_from_discount":false,"fee_label":"Fee","disp_hide_options_price":false,"disp_show_section_price":false,"disp_show_field_price":true,"layout_option":"standard","pric_use_as_fee":false,"process_fee_as":"woo_fee"},"layout_option":"standard"},"fields":[[{"active":true,"col":6,"relations":false,"cl_rule":"show","enableCl":false,"price":"","enablePrice":true,"className":"","label_position":"default","desc_position":"default","type":"radio-group","required":false,"elementId":"radio_3437870303","label":"Service suppl\u00e9mentaire :","name":"radio_3437870303","values":[{"label":"Sans montage","value":"Ohne Montage","selected":false,"tempId":"aco_1125","price":"","description":"Nos fendeuses de b\u00fbches sont soigneusement emball\u00e9es et livr\u00e9es non mont\u00e9es.","gt_translate_keys":["label","description"]},{"label":"Montage & enl\u00e8vement par le client","value":"Montage & Selbstabholen","selected":false,"tempId":"aco_562","price":"99","description":"Nous montons la fendeuse de b\u00fbches pour vous. Vous pouvez ensuite la retirer directement dans notre entrep\u00f4t \u00e0 M\u00f6nchengladbach.\nLors du choix du mode de livraison, veuillez s\u00e9lectionner \"Enl\u00e8vement sur rendez-vous \u00e0 M\u00f6nchengladbach\".","gt_translate_keys":["label","description"]}],"layOut":"","error":false,"checkUi":"","priceOptions":"different_for_all","pricingType":"fixed","use_as_fee":true,"other":false,"enableDesign":true,"scrollBar":false,"LabelColor":"#505f6b","LabelSize":"","mapToCheckout":false,"enableClearSelection":true,"show_selected_option":false,"options_description":true,"tooltip":"Il est possible de commander le fendeur de b\u00fbches pr\u00e9mont\u00e9 ou non.","wpml_sync":false,"isWeightTemplate":false,"isTemplate":false,"min_quantity":"1","quantity_decimal":false,"quantity_step":"1","quantity_label":"Quantity","repeater_field_label":"{field_label}","repeater_bind":"","gt_translate_keys":["label","tooltip","repeater_field_label","quantity_label"],"price_dependency":false,"cl_dependency":false,"value":""}]]}},"config":{"price_override":"","enable_recaptcha":false,"bind_quantity":false,"quantity_bind_formula":false,"disp_summ_show_option_price":true,"disp_summ_show_product_price":true,"disp_summ_show_total_price":true,"disp_summ_show_fee":false,"disp_summ_show_discount":false,"summary_title":"","options_total_label":"Prix de l'option","total_label":"Somme totale","options_product_label":"Prix du produit","fee_label":"Fee","discount_label":"Discount","has_price":true,"has_quantity_formula":false},"mc_unit":1,"tax_rate":1,"tax_rate_real":0.19,"discount":{"percentage":0,"fixed":0},"design":{"conf":{"LabelPosition":"above","DescPosition":"above","UploadField":"custom_1","QuantityFieldStyle":"default"},"css":{"LeftLabelWidth":"120px"}},"formulas":[],"lookuptables":[],"clones":false,"cartKey":false}},"_links":{"self":[{"href":"https:\/\/www.hzc-power.com\/fr\/wp-json\/wp\/v2\/product\/296320","targetHints":{"allow":["GET"]}}],"collection":[{"href":"https:\/\/www.hzc-power.com\/fr\/wp-json\/wp\/v2\/product"}],"about":[{"href":"https:\/\/www.hzc-power.com\/fr\/wp-json\/wp\/v2\/types\/product"}],"replies":[{"embeddable":true,"href":"https:\/\/www.hzc-power.com\/fr\/wp-json\/wp\/v2\/comments?post=296320"}],"wp:featuredmedia":[{"embeddable":true,"href":"https:\/\/www.hzc-power.com\/fr\/wp-json\/wp\/v2\/media\/296361"}],"wp:attachment":[{"href":"https:\/\/www.hzc-power.com\/fr\/wp-json\/wp\/v2\/media?parent=296320"}],"wp:term":[{"taxonomy":"product_brand","embeddable":true,"href":"https:\/\/www.hzc-power.com\/fr\/wp-json\/wp\/v2\/product_brand?post=296320"},{"taxonomy":"product_cat","embeddable":true,"href":"https:\/\/www.hzc-power.com\/fr\/wp-json\/wp\/v2\/product_cat?post=296320"}],"curies":[{"name":"wp","href":"https:\/\/api.w.org\/{rel}","templated":true}]}}