{"id":27047,"date":"2023-11-27T17:00:09","date_gmt":"2023-11-27T16:00:09","guid":{"rendered":"https:\/\/www.hzc-power.com\/niet-gecategoriseerd\/hydraulische-steengrijper-voor-hzc-power-minigraafmachine-sh362\/hydraulische-steengrijper-voor-hzc-power-minigraafmachine-sh362\/"},"modified":"2026-04-22T13:07:59","modified_gmt":"2026-04-22T11:07:59","slug":"hydraulische-steengrijper-voor-hzc-power-minigraafmachine-sh362","status":"publish","type":"product","link":"https:\/\/www.hzc-power.com\/nl\/hydraulische-steengrijper-voor-hzc-power-minigraafmachine-sh362\/","title":{"rendered":"Hydraulische steengrijper voor HZC Power minigraafmachines (SH362)"},"content":{"rendered":"<div class=\"wpb-content-wrapper\"><p>[vc_row css=&#8221;.vc_custom_1696422354233{padding-top: 3rem !important;padding-bottom: 3rem !important;}&#8221;][vc_column width=&#8221;1\/2&#8243;][vc_column_text]<\/p>\n<h2>Hydraulische steengrijper voor HZC Power minigraafmachines (SH362)<\/h2>\n<p>[\/vc_column_text][vc_empty_space][vc_column_text]<br \/>\nDe SH362 grijper is een aanbouwdeel voor onze minigraafmachines. Hij is compatibel met de hydraulische aansluiting van onze machines en ideaal voor werkzaamheden met stenen, bestratingsstenen en beton.<\/p>\n<p>De grijper heeft een maximale opening van 500 mm en kan stenen tot 120 kg tillen.<\/p>\n<p><strong>De steengrijper wordt via extra hydraulische aansluitingen met hydrauliekslangen aan de graafarm bevestigd.<\/strong><\/p>\n<p>Geschikt voor al onze HZC Power <a href=\"https:\/\/www.hzc-power.com\/forst-landschaftsbau\/bagger\/\">minigraafmachines<\/a>, zowel met diesel- als benzinemotor.<br \/>\n[\/vc_column_text][vc_empty_space][\/vc_column][vc_column width=&#8221;1\/2&#8243;][vc_column_text]<\/p>\n<h2>Specificaties:<\/h2>\n<p>[\/vc_column_text][vc_empty_space][vc_column_text css=&#8221;&#8221;]<\/p>\n<ul>\n<li>Max. diameter: 500 mm<\/li>\n<li>Max. hefvermogen: 120 kg<\/li>\n<li>Gewicht: 35 kg<\/li>\n<li>Verpakkingsafmetingen: 600 x 400 x 450 mm<\/li>\n<li>Max. pendiameter: 25 mm<\/li>\n<li>Breedte montagearm: 90 mm<\/li>\n<li>Max. werkdruk: 16 MPa<\/li>\n<\/ul>\n<p>[\/vc_column_text][\/vc_column][\/vc_row][vc_row][vc_column][vc_single_image image=&#8221;298102&#8243; img_size=&#8221;large&#8221; alignment=&#8221;center&#8221; css=&#8221;&#8221;][\/vc_column][\/vc_row][vc_row][vc_column]            <div class=\"nasa-static-block\" >\r\n                                <div class=\"nasa-static-block-container\">\r\n                    <style type=\"text\/css\" data-type=\"vc_shortcodes-custom-css\">.vc_custom_1696253521432{margin-top: 2rem !important;margin-bottom: 2rem !important;padding-top: 3rem !important;padding-bottom: 3rem !important;background-color: #505f6b !important;}.vc_custom_1696253530748{padding-right: 1rem !important;padding-left: 1rem !important;}<\/style>[vc_section full_width=\"stretch_row\" css=\".vc_custom_1696253521432{margin-top: 2rem !important;margin-bottom: 2rem !important;padding-top: 3rem !important;padding-bottom: 3rem !important;background-color: #505f6b !important;}\"][vc_row css=\".vc_custom_1696253530748{padding-right: 1rem !important;padding-left: 1rem !important;}\"][vc_column width=\"1\/2\"][vc_column_text]\r\n<h2><span style=\"color: #ffffff;\">Angebot f\u00fcr Ihr HZC Power Produkt<\/span><\/h2>\r\n[\/vc_column_text][vc_empty_space][\/vc_column][vc_column width=\"1\/2\"][vc_column_text]<span style=\"color: #ffffff;\">Bei HZC Power achten wir stets auf h\u00f6chste Qualit\u00e4t, technisch einwandfreie Verarbeitung und eine robuste Konstruktion. Unsere Produkte erhalten Sie teilmontiert per Spedition. Dabei bieten wir Ihnen einen Festpreis f\u00fcr den Versand der automatisch im Warenkorb generiert wird (zus\u00e4tzliche Versandinformationen finden sie <a style=\"color: #ffffff;\" href=\"http:\/\/www.hzc-power.com\/de\/versand\"><strong>hier<\/strong><\/a>).<\/span>\r\n\r\n<span style=\"color: #ffffff;\">Gerne k\u00f6nnen Sie unsere Produkte nach Absprache auch in unserer Zentrale besichtigen oder kostenlos abholen.<\/span>\r\n\r\n<span style=\"color: #ffffff;\">Sollten Sie weitere Fragen zu den einzelnen Modellen haben dann melden Sie sich gerne bei <strong><a style=\"color: #ffffff;\" href=\"http:\/\/www.hzc-power.com\/de\/kontakt\">unserem Kundenservice<\/a><\/strong>. Dieser ber\u00e4t Sie gerne weiter. \u00dcberzeugen Sie sich selbst von unserem Angebot und sichern Sie sich Ihr Produkt in bester Qualit\u00e4t zum besten Preis bei HZC Power.<\/span>[\/vc_column_text][\/vc_column][\/vc_row][\/vc_section]                <\/div>\r\n            <\/div>\r\n            [\/vc_column][\/vc_row][vc_section full_width=&#8221;stretch_row&#8221; css=&#8221;.vc_custom_1696422345098{margin-top: 2rem !important;margin-bottom: 2rem !important;padding-top: 3rem !important;padding-bottom: 3rem !important;background-color: #fafafa !important;}&#8221;][vc_row css=&#8221;.vc_custom_1696422328079{padding-right: 1rem !important;padding-left: 1rem !important;}&#8221;][vc_column][vc_empty_space][vc_video link=&#8221;https:\/\/youtu.be\/xzpDAs5t2EU&#8221;][\/vc_column][\/vc_row][\/vc_section]<\/p>\n<\/div>","protected":false},"excerpt":{"rendered":"<p><span style=\"color: #ff0000;\"><strong>Nu vooraf bestellen. Informatie over de levertijd ontvangt u na uw bestelling via onze <span style=\"color: #9e0000;\"><a style=\"color: #9e0000;\" href=\"\/?product_cat=kontakt\">klantenservice<\/a><\/span>.<\/strong><\/span><\/p>\n<ul>\n<li>Max. diameter: <strong>500 mm<\/strong><\/li>\n<li>Max. hefvermogen: <strong>120 kg<\/strong><\/li>\n<li><strong>Hydraulisch zwenkbare steengrijper<\/strong><\/li>\n<li>Perfect geschikt voor <strong>werken met stenen, bestratingsstenen en beton<\/strong><\/li>\n<li><strong>Compatibel<\/strong> met al onze <a href=\"https:\/\/www.hzc-power.com\/nl\/?attachment_id=22465\">minigraafmachines<\/a><\/li>\n<li>Aansluiting via <strong>extra hydrauliekslangen<\/strong><\/li>\n<li><strong>Inclusief hydrauliekslangen<\/strong><\/li>\n<li>Gemaakt van <strong>hoogwaardig staal<\/strong><\/li>\n<\/ul>\n<p><a href=\"https:\/\/www.hzc-power.com\/wp-content\/uploads\/2026\/01\/bedienungsanleitung-sh362.pdf\"><span style=\"color: #007bbb;\"><strong>\u2192 Download montagehandleiding SH362<\/strong><\/span><\/a><\/p>\n","protected":false},"featured_media":26729,"comment_status":"closed","ping_status":"closed","template":"","meta":{"inline_featured_image":false},"product_brand":[],"product_cat":[753,762],"class_list":{"0":"post-27047","1":"product","2":"type-product","3":"status-publish","4":"has-post-thumbnail","6":"product_cat-bosbouw-landschapsarchitectuur","7":"product_cat-accessoires-voor-graafmachines","8":"product_shipping_class-versand-25","10":"first","11":"onbackorder","12":"sale","13":"taxable","14":"shipping-taxable","15":"purchasable","16":"product-type-simple"},"bundled_by":["286865","28640","286831","286479","286524","291164","291204","287612","287607","286546","286555","289571","286920","287008","286978","286931","291229","286957"],"bundle_stock_status":"onbackorder","bundle_stock_quantity":-11,"bundle_virtual":false,"bundle_layout":"","bundle_add_to_cart_form_location":"","bundle_editable_in_cart":false,"bundle_sold_individually_context":"","bundle_item_grouping":"","bundle_min_size":"","bundle_max_size":"","bundle_price":[],"bundled_items":[],"bundle_sell_ids":[],"jetpack_sharing_enabled":true,"wcpa_form_fields":null,"_links":{"self":[{"href":"https:\/\/www.hzc-power.com\/nl\/wp-json\/wp\/v2\/product\/27047","targetHints":{"allow":["GET"]}}],"collection":[{"href":"https:\/\/www.hzc-power.com\/nl\/wp-json\/wp\/v2\/product"}],"about":[{"href":"https:\/\/www.hzc-power.com\/nl\/wp-json\/wp\/v2\/types\/product"}],"replies":[{"embeddable":true,"href":"https:\/\/www.hzc-power.com\/nl\/wp-json\/wp\/v2\/comments?post=27047"}],"wp:featuredmedia":[{"embeddable":true,"href":"https:\/\/www.hzc-power.com\/nl\/wp-json\/wp\/v2\/media\/26729"}],"wp:attachment":[{"href":"https:\/\/www.hzc-power.com\/nl\/wp-json\/wp\/v2\/media?parent=27047"}],"wp:term":[{"taxonomy":"product_brand","embeddable":true,"href":"https:\/\/www.hzc-power.com\/nl\/wp-json\/wp\/v2\/product_brand?post=27047"},{"taxonomy":"product_cat","embeddable":true,"href":"https:\/\/www.hzc-power.com\/nl\/wp-json\/wp\/v2\/product_cat?post=27047"}],"curies":[{"name":"wp","href":"https:\/\/api.w.org\/{rel}","templated":true}]}}