{"id":27123,"date":"2021-06-07T13:33:45","date_gmt":"2021-06-07T11:33:45","guid":{"rendered":"https:\/\/www.hzc-power.com\/niet-gecategoriseerd\/houtklover-25t\/houtklover-25t\/"},"modified":"2026-04-07T11:35:52","modified_gmt":"2026-04-07T09:35:52","slug":"houtklover-25t","status":"publish","type":"product","link":"https:\/\/www.hzc-power.com\/nl\/houtklover-25t\/","title":{"rendered":"HZC Power houtklover HS25205, 25 t, 60 cm, liggend, benzinemotor"},"content":{"rendered":"<div class=\"wpb-content-wrapper\"><p>[vc_row css=&#8221;.vc_custom_1696407611886{padding-top: 3rem !important;padding-bottom: 3rem !important;}&#8221;][vc_column width=&#8221;2\/3&#8243;][vc_column_text]<\/p>\n<h2>25 t liggende houtklover met benzinemotor, stamhifter &#038; beschermkap (HS25205)<\/h2>\n<p>[\/vc_column_text][vc_empty_space][vc_column_text]<br \/>\nDe benzine-houtklover HS25205 van HZC Power levert een kloofkracht tot 25 t en is geschikt voor het splijten van houtblokken tot 600 mm lengte. Daarnaast is de houtklover uitgerust met een stamhifter, wat het werk aanzienlijk vergemakkelijkt. Een ge\u00efntegreerd frame zorgt ervoor dat houtblokken tijdens het splijten niet van de liggende houtklover afrollen. Tot slot zorgt de tweehandige bediening voor maximale veiligheid van uw handen.<\/p>\n<p>Ondanks dit alles blijft de bediening praktisch en eenvoudig. De beschermkap voor het splijtgebied is een nuttige aanvulling en draagt er bovendien aan bij dat de machine langdurig in zeer goede staat blijft.<br \/>\n[\/vc_column_text][\/vc_column][\/vc_row][vc_row][vc_column][accordion_father][accordion_son title_padding=&#8221;17&#8243; title=&#8221;Technische gegevens&#8221; bgclr=&#8221;#f7f7f7&#8243;]<br \/>\n<strong>Algemene gegevens<\/strong><\/p>\n<ul>\n<li><strong>Fabrikant:<\/strong> HZC Power GmbH<\/li>\n<li><strong>Model:<\/strong> HS25205<\/li>\n<li><strong>Kloofkracht:<\/strong> 25 t<\/li>\n<li><strong>Max. klooflengte:<\/strong> 600 mm<\/li>\n<li><strong>Cyclus:<\/strong> 15 s<\/li>\n<li><strong>Hydraulische olie-inhoud:<\/strong> 14 L (HLP46)<\/li>\n<li><strong>Productgewicht:<\/strong> 205 kg<\/li>\n<li><strong>Verzendgewicht:<\/strong> 240 kg<\/li>\n<li><strong>Afmetingen:<\/strong> 228,5 \u00d7 101 \u00d7 127 cm (L \u00d7 B \u00d7 H)<\/li>\n<li><strong>Afmetingen oplegtafel (B \u00d7 L):<\/strong> ca. 420 \u00d7 600 mm<\/li>\n<li><strong>Frame-lengte:<\/strong> ca. 440 mm<\/li>\n<li><strong>Bijzonderheden:<\/strong> Trekhaak, beschermkap &#038; stamhifter<br \/>\nWerkposities: Horizontaal<\/li>\n<li><strong>Bediening:<\/strong> Tweehandig<\/li>\n<\/ul>\n<p>&nbsp;<\/p>\n<p><strong>Motor<\/strong><\/p>\n<ul>\n<li><strong>Motor:<\/strong> Jiao benzinemotor 6,5 pk \/ 208 cc<\/li>\n<li><strong>Motortechniek:<\/strong> E\u00e9ncilinder, 4-takt, luchtgekoeld, OHV (bovenliggende kleppen)<\/li>\n<li><strong>Cilinderinhoud:<\/strong> 208 cc<\/li>\n<li><strong>Cilinder:<\/strong> Cilinder met gietijzeren voering<\/li>\n<li><strong>Boring:<\/strong> 68,3 mm<\/li>\n<li><strong>Slag:<\/strong> 55,9 mm<\/li>\n<li><strong>Brandstoftankinhoud:<\/strong> 3,1 L<\/li>\n<li><strong>Olie-inhoud:<\/strong> 0,6 L<\/li>\n<li><strong>Gewicht:<\/strong> 16 kg<\/li>\n<li><strong>Afmetingen (B \u00d7 L \u00d7 H):<\/strong> 321 \u00d7 376 \u00d7 346 mm<\/li>\n<\/ul>\n<p>[\/accordion_son][\/accordion_father][accordion_father][accordion_son title_padding=&#8221;17&#8243; title=&#8221;Standaarduitrusting&#8221; bgclr=&#8221;#f7f7f7&#8243;]<\/p>\n<ul>\n<li><strong>Kloofkracht:<\/strong> 25 t \u2013 Voor moeiteloos splijten van hout tot 600 mm lengte en een maximale diameter van 50 cm met behulp van de 200 mm hoge kloofwig.<\/li>\n<li><strong>Werkpositie:<\/strong> Horizontaal \u2013 maakt comfortabel werken in liggende positie mogelijk.<\/li>\n<li><strong>Tweehandige bediening:<\/strong> Voor maximale veiligheid tijdens het gebruik.<\/li>\n<li><strong>Oliefilter:<\/strong> Ge\u00efntegreerd oliefilter voor een langere levensduur.<\/li>\n<li><strong>Trekhaak:<\/strong> Voor eenvoudig transport op priv\u00e9terrein, niet goedgekeurd voor gebruik op de openbare weg.<\/li>\n<li><strong>Robuust frame:<\/strong> Stabiel frame zorgt voor een veilige positionering van het hout tijdens het splijten.<\/li>\n<li><strong>Compacte afmetingen:<\/strong> Met een breedte van 101 cm is de houtklover eenvoudig te vervoeren op een aanhanger.<\/li>\n<li><strong>Motor:<\/strong> 6,5 pk benzinemotor met 208 cc cilinderinhoud voor krachtig splijten.<\/li>\n<li><strong>Ge\u00efntegreerde stamhifter:<\/strong> Voor extra werkcomfort.<\/li>\n<li><strong>Ge\u00efntegreerde oplegtafel<\/strong> en <strong>frame:<\/strong> Voor optimale ondersteuning van het hout.<\/li>\n<\/ul>\n<p>[\/accordion_son][\/accordion_father][accordion_father][accordion_son title_padding=&#8221;17&#8243; title=&#8221;Leveringsomvang&#8221; bgclr=&#8221;#f7f7f7&#8243;]<\/p>\n<p>De <strong>HS25205<\/strong> wordt geleverd met alles wat u nodig heeft voor direct gebruik:<\/p>\n<ul>\n<li><strong>HS25205 houtklover<\/strong><\/li>\n<li><strong>Hydraulische olie<\/strong><\/li>\n<li><strong>Handleiding<\/strong><\/li>\n<\/ul>\n<p><strong>Motorolie<\/strong> is <strong>niet inbegrepen<\/strong> en moet <strong>vooraf zelf worden aangeschaft en gevuld<\/strong> (<strong>hoeveelheid: ca. 0,6 \u2013 1,1 liter<\/strong>).<\/p>\n<p>[\/accordion_son][\/accordion_father][accordion_father][accordion_son title_padding=&#8221;17&#8243; title=&#8221;Leveringsinformatie&#8221; bgclr=&#8221;#f7f7f7&#8243;]<\/p>\n<p>De <strong>HS25205 houtklover<\/strong> wordt veilig verpakt en voorgemonteerd geleverd via een transporteur. Voor een probleemloze ingebruikname verzoeken wij u rekening te houden met de volgende aanwijzingen:<\/p>\n<ul>\n<li><strong>Hydraulische olie:<\/strong> De benodigde hydraulische olie wordt meegeleverd en hoeft alleen nog te worden gevuld.<\/li>\n<li><strong>Levering op pallet:<\/strong> De machine wordt veilig op een pallet vervoerd om transportschade te voorkomen.<\/li>\n<li><strong>Transportlevering:<\/strong> De levering vindt plaats via een transportbedrijf. U wordt vooraf ge\u00efnformeerd over de leverdatum om de ontvangst te co\u00f6rdineren.<\/li>\n<\/ul>\n<p>Heeft u vragen over de levering of ingebruikname, dan staat onze klantenservice u altijd graag te woord!<\/p>\n<p>[\/accordion_son][\/accordion_father][\/vc_column][\/vc_row][vc_section full_width=&#8221;stretch_row&#8221; css=&#8221;.vc_custom_1696407712979{margin-top: 2rem !important;margin-bottom: 2rem !important;padding-top: 3rem !important;padding-bottom: 3rem !important;background-color: #fafafa !important;}&#8221;][vc_row css=&#8221;.vc_custom_1696407720952{padding-right: 1rem !important;padding-left: 1rem !important;}&#8221;][vc_column width=&#8221;1\/2&#8243;][vc_column_text]<\/p>\n<h2>Video voor de montage van de houtklover<\/h2>\n<p>[\/vc_column_text][vc_empty_space][vc_column_text]<div class=\"lyte-wrapper\" title=\"Montage von einem 25 t liegend Holzspalter mit Benzinmotor und Tisch (HS25205) von HZC Power\" style=\"width:640px;max-width:100%;margin:5px auto;\"><div class=\"lyMe\" id=\"WYL_UXB_jYE-uYw\"><div id=\"lyte_UXB_jYE-uYw\" data-src=\"https:\/\/www.hzc-power.com\/wp-content\/plugins\/wp-youtube-lyte\/lyteCache.php?origThumbUrl=https%3A%2F%2Fi.ytimg.com%2Fvi%2FUXB_jYE-uYw%2Fhqdefault.jpg\" class=\"pL\"><div class=\"tC\"><div class=\"tT\">Montage von einem 25 t liegend Holzspalter mit Benzinmotor und Tisch (HS25205) von HZC Power<\/div><\/div><div class=\"play\"><\/div><div class=\"ctrl\"><div class=\"Lctrl\"><\/div><div class=\"Rctrl\"><\/div><\/div><\/div><noscript><a href=\"https:\/\/youtu.be\/UXB_jYE-uYw\" rel=\"nofollow noopener\" target=\"_blank\"><img loading=\"lazy\" decoding=\"async\" src=\"https:\/\/www.hzc-power.com\/wp-content\/plugins\/wp-youtube-lyte\/lyteCache.php?origThumbUrl=https%3A%2F%2Fi.ytimg.com%2Fvi%2FUXB_jYE-uYw%2F0.jpg\" alt=\"Montage von einem 25 t liegend Holzspalter mit Benzinmotor und Tisch (HS25205) von HZC Power\" width=\"640\" height=\"340\" \/><br \/>Bekijk deze video op YouTube<\/a><\/noscript><\/div><\/div><div class=\"lL\" style=\"max-width:100%;width:640px;margin:5px auto;\"><\/div>[\/vc_column_text][\/vc_column][\/vc_row][\/vc_section]<\/p>\n<\/div>","protected":false},"excerpt":{"rendered":"<p><span style=\"color: #ff0000;\"><strong>Informatie over de levertijd ontvangt u na ontvangst van uw bestelling via onze <span style=\"color: #9e0000;\"><a style=\"color: #9e0000;\" href=\"\/?product_cat=contact\">klantenservice<\/a><\/span>.<\/strong><\/span><\/p>\n<ul>\n<li><strong>25 t<\/strong> kloofkracht<\/li>\n<li>Benzinemotor <strong>6,5 pk \/ 208 cc<\/strong><\/li>\n<li>Kloofcyclus: <strong>15 seconden<\/strong><\/li>\n<li>Max. klooflengte: <strong>60 cm<\/strong><\/li>\n<li><strong>Horizontaal werken<\/strong><\/li>\n<li>Houtdiameter: <strong>max. 50 cm<\/strong><\/li>\n<li><strong>Oliefilter<\/strong> voor een langere levensduur<\/li>\n<li><strong>Trekhaak, beschermkap en stamhifter met een draagvermogen tot 80 kg<\/strong><\/li>\n<li><strong>Afmetingen:<\/strong> 228,5 \u00d7 101 \u00d7 127 cm (L \u00d7 B \u00d7 H)<\/li>\n<\/ul>\n","protected":false},"featured_media":26336,"comment_status":"open","ping_status":"closed","template":"","meta":{"inline_featured_image":false},"product_brand":[],"product_cat":[766,752,764],"class_list":{"0":"post-27123","1":"product","2":"type-product","3":"status-publish","4":"has-post-thumbnail","6":"product_cat-houtkloofmachine","7":"product_cat-actie-producten","8":"product_cat-houtverwerking","9":"product_shipping_class-spedition-3-anbauteile-bagger","10":"wcpa_has_options","12":"first","13":"instock","14":"sale","15":"taxable","16":"shipping-taxable","17":"purchasable","18":"product-type-simple"},"bundled_by":[],"bundle_stock_status":"instock","bundle_stock_quantity":1,"bundle_virtual":false,"bundle_layout":"","bundle_add_to_cart_form_location":"","bundle_editable_in_cart":false,"bundle_sold_individually_context":"","bundle_item_grouping":"","bundle_min_size":"","bundle_max_size":"","bundle_price":[],"bundled_items":[],"bundle_sell_ids":[],"jetpack_sharing_enabled":true,"wcpa_form_fields":{"wcpaData":{"product":{"product_price":1749,"price_html":"<del aria-hidden=\"true\"><span class=\"woocommerce-Price-amount amount\"><bdi>2.229,00&nbsp;<span class=\"woocommerce-Price-currencySymbol\">&euro;<\/span><\/bdi><\/span><\/del> <span class=\"screen-reader-text\">Oorspronkelijke prijs was: 2.229,00&nbsp;&euro;.<\/span><ins aria-hidden=\"true\"><span class=\"woocommerce-Price-amount amount\"><bdi>1.749,00&nbsp;<span class=\"woocommerce-Price-currencySymbol\">&euro;<\/span><\/bdi><\/span><\/ins><span class=\"screen-reader-text\">Huidige prijs is: 1.749,00&nbsp;&euro;.<\/span><div class=\"gm-wp_bakery_woocommerce_get_price_html\">\n\t\t<div class=\"wgm-info woocommerce-de_price_taxrate \"><\/div>\n\t\t<div class=\"wgm-info woocommerce_de_versandkosten\">plus <a class=\"versandkosten\" href=\"https:\/\/www.hzc-power.com\/nl\/verzending-en-bezorging\/\" target=\"_blank\">verzending<\/a><\/div><\/div>","original_product_price":2229,"price_including_tax":1749,"price_excluding_tax":1469.747899,"product_id":{"parent":27123,"variation":false},"is_variable":false,"stock_status":"instock","stock_quantity":1,"parent_sku":"HS25205","product_attributes":[],"custom_fields":[],"is_taxable":true,"product_name":"HZC Power houtklover HS25205, 25 t, 60 cm, liggend, benzinemotor","hasImage":false},"fields":{"sec_36435698965031":{"extra":{"key":"sec_36435698965031","section_id":"sec_36435698965031","name":"Default","status":1,"cl_rule":"show","enableCl":false,"relations":[],"toggle":true,"title_tag":"h3","show_title":false,"showPrice":"default","repeater_section_field_label":"{field_label}","repeater_section_label":"{section_name}","repeater_bind":"","form_id":287154,"form_rules":{"exclude_from_discount":false,"fee_label":"Fee","disp_hide_options_price":false,"disp_show_section_price":false,"disp_show_field_price":true,"layout_option":"standard","pric_use_as_fee":false,"process_fee_as":"woo_fee"},"layout_option":"standard"},"fields":[[{"active":true,"col":6,"relations":false,"cl_rule":"show","enableCl":false,"price":"","enablePrice":true,"className":"","label_position":"default","desc_position":"default","type":"radio-group","required":false,"elementId":"radio_3437870303","label":"Extra service:","name":"radio_3437870303","values":[{"label":"Zonder montage","value":"Ohne Montage","selected":false,"tempId":"aco_1125","price":"","description":"Onze houtklovers worden zorgvuldig verpakt en ongemonteerd geleverd.","gt_translate_keys":["label","description"]},{"label":"Montage & zelf ophalen","value":"Montage & Selbstabholen","selected":false,"tempId":"aco_562","price":"99","description":"Wij monteren de houtklover voor u. U kunt deze vervolgens direct ophalen in ons magazijn in M\u00f6nchengladbach.\nBij het kiezen van de verzendmethode dient u \u201eAfhalen op afspraak in M\u00f6nchengladbach\u201c te selecteren.","gt_translate_keys":["label","description"]}],"layOut":"","error":false,"checkUi":"","priceOptions":"different_for_all","pricingType":"fixed","use_as_fee":true,"other":false,"enableDesign":true,"scrollBar":false,"LabelColor":"#505f6b","LabelSize":"","mapToCheckout":false,"enableClearSelection":true,"show_selected_option":false,"options_description":true,"tooltip":"Het is mogelijk om de houtkloofmachine voorgemonteerd of niet-gemonteerd te bestellen.","wpml_sync":false,"isWeightTemplate":false,"isTemplate":false,"min_quantity":"1","quantity_decimal":false,"quantity_step":"1","quantity_label":"Quantity","repeater_field_label":"{field_label}","repeater_bind":"","gt_translate_keys":["label","tooltip","repeater_field_label","quantity_label"],"price_dependency":false,"cl_dependency":false,"value":""}]]}},"config":{"price_override":"","enable_recaptcha":false,"bind_quantity":false,"quantity_bind_formula":false,"disp_summ_show_option_price":true,"disp_summ_show_product_price":true,"disp_summ_show_total_price":true,"disp_summ_show_fee":false,"disp_summ_show_discount":false,"summary_title":"","options_total_label":"Optieprijs","total_label":"Totaal bedrag","options_product_label":"Prijs van het product","fee_label":"Fee","discount_label":"Discount","has_price":true,"has_quantity_formula":false},"mc_unit":1,"tax_rate":1,"tax_rate_real":0.19,"discount":{"percentage":0,"fixed":0},"design":{"conf":{"LabelPosition":"above","DescPosition":"above","UploadField":"custom_1","QuantityFieldStyle":"default"},"css":{"LeftLabelWidth":"120px"}},"formulas":[],"lookuptables":[],"clones":false,"cartKey":false}},"_links":{"self":[{"href":"https:\/\/www.hzc-power.com\/nl\/wp-json\/wp\/v2\/product\/27123","targetHints":{"allow":["GET"]}}],"collection":[{"href":"https:\/\/www.hzc-power.com\/nl\/wp-json\/wp\/v2\/product"}],"about":[{"href":"https:\/\/www.hzc-power.com\/nl\/wp-json\/wp\/v2\/types\/product"}],"replies":[{"embeddable":true,"href":"https:\/\/www.hzc-power.com\/nl\/wp-json\/wp\/v2\/comments?post=27123"}],"wp:featuredmedia":[{"embeddable":true,"href":"https:\/\/www.hzc-power.com\/nl\/wp-json\/wp\/v2\/media\/26336"}],"wp:attachment":[{"href":"https:\/\/www.hzc-power.com\/nl\/wp-json\/wp\/v2\/media?parent=27123"}],"wp:term":[{"taxonomy":"product_brand","embeddable":true,"href":"https:\/\/www.hzc-power.com\/nl\/wp-json\/wp\/v2\/product_brand?post=27123"},{"taxonomy":"product_cat","embeddable":true,"href":"https:\/\/www.hzc-power.com\/nl\/wp-json\/wp\/v2\/product_cat?post=27123"}],"curies":[{"name":"wp","href":"https:\/\/api.w.org\/{rel}","templated":true}]}}