{"id":288803,"date":"2024-04-09T12:26:08","date_gmt":"2024-04-09T10:26:08","guid":{"rendered":"https:\/\/www.hzc-power.com\/unkategorisiert\/graafmachineduim-voor-hzc-power-minigraafmachine-bgd\/graafmachineduim-voor-hzc-power-minigraafmachine-bgd\/"},"modified":"2026-04-14T13:47:13","modified_gmt":"2026-04-14T11:47:13","slug":"graafmachineduim-voor-hzc-power-minigraafmachine-bgd","status":"publish","type":"product","link":"https:\/\/www.hzc-power.com\/nl\/graafmachineduim-voor-hzc-power-minigraafmachine-bgd\/","title":{"rendered":"Graafduim voor HZC Power minigraafmachines (BGD)"},"content":{"rendered":"<div class=\"wpb-content-wrapper\"><p>[vc_row css=&#8221;.vc_custom_1696421734791{padding-top: 3rem !important;padding-bottom: 3rem !important;}&#8221;][vc_column width=&#8221;1\/2&#8243;][vc_column_text]<\/p>\n<h2>Graafduim voor HZC Power minigraafmachines (BGD)<\/h2>\n<p>[\/vc_column_text][vc_empty_space][vc_column_text]De graafduim BGD is ontworpen als een extra hulpmiddel voor al onze minigraafmachines. De graafduim is een echte allrounder voor laad- en sorteerwerkzaamheden zoals hout, stenen en meer.<\/p>\n<p>Geschikt voor al onze HZC Power <a href=\"https:\/\/www.hzc-power.com\/nl\/?attachment_id=22465\">minigraafmachines<\/a> modellen, zowel met diesel- als benzinemotor.[\/vc_column_text][\/vc_column][\/vc_row][vc_row][vc_column][accordion_father][accordion_son title_padding=&#8221;17&#8243; title=&#8221;Afmetingen&#8221; bgclr=&#8221;#f7f7f7&#8243;]<\/p>\n<ul>\n<li>Gewicht: 12 kg<\/li>\n<li>Max. diameter: 500 mm<\/li>\n<li>Draagvermogen: 100 kg<\/li>\n<\/ul>\n<p>[\/accordion_son][\/accordion_father][accordion_father][accordion_son title_padding=&#8221;17&#8243; title=&#8221;Standaarduitrusting&#8221; bgclr=&#8221;#f7f7f7&#8243;]<\/p>\n<ul>\n<li>Max. diameter: <strong>500 mm<\/strong><\/li>\n<li>Draagvermogen: <strong>100 kg<\/strong><\/li>\n<li><strong>Compatibel<\/strong> met al onze <a href=\"https:\/\/www.hzc-power.com\/nl\/?attachment_id=22465\">minigraafmachines<\/a><\/li>\n<li>Allrounder voor <strong>laad- en sorteerwerkzaamheden zoals hout, stenen enz.<\/strong><\/li>\n<li>Vervaardigd uit <strong>hoogwaardig staal<\/strong><\/li>\n<\/ul>\n<p>[\/accordion_son][\/accordion_father][accordion_father][accordion_son title_padding=&#8221;17&#8243; title=&#8221;Leveringsinformatie&#8221; bgclr=&#8221;#f7f7f7&#8243;]Bij HZC Power streven wij altijd naar de hoogste kwaliteit, technisch perfecte afwerking en een robuuste constructie. Onze producten worden gedeeltelijk gemonteerd geleverd via een transporteur. De vaste verzendkosten worden automatisch in de winkelwagen berekend (aanvullende verzendinformatie vindt u <a href=\"\/?product_cat=versand\"><strong>hier<\/strong><\/a>).<\/p>\n<p>U bent ook van harte welkom om onze producten op afspraak in ons hoofdkantoor te bezichtigen of gratis af te halen.[\/accordion_son][\/accordion_father][\/vc_column][\/vc_row]<\/p>\n<\/div>","protected":false},"excerpt":{"rendered":"<div class=\"woocommerce-product-details__short-description\">\n<p><span style=\"color: #ff0000;\"><strong>Nu beschikbaar. Informatie over de levertijd ontvangt u na bestelling via onze <span style=\"color: #9e0000;\"><a style=\"color: #9e0000;\" href=\"\/?product_cat=kontakt\">klantenservice<\/a><\/span>.<\/strong><\/span><\/p>\n<ul>\n<li>Max. diameter: <strong>500 mm<\/strong><\/li>\n<li>Draagvermogen: <strong>100 kg<\/strong><\/li>\n<li><strong>Compatibel<\/strong> met al onze <a href=\"https:\/\/www.hzc-power.com\/nl\/?attachment_id=22465\">minigraafmachines<\/a><\/li>\n<li>Allrounder voor <strong>laad- en sorteerwerkzaamheden zoals hout, stenen enz.<\/strong><\/li>\n<li>Vervaardigd uit <strong>hoogwaardig staal<\/strong><\/li>\n<\/ul>\n<p><a href=\"https:\/\/www.hzc-power.com\/wp-content\/uploads\/2026\/01\/bedienungsanleitung-bgd.pdf\"><strong><span style=\"color: #007bbb;\">\u2192 Download montagehandleiding BGD<\/span><\/strong><\/a><\/p>\n<\/div>\n","protected":false},"featured_media":288763,"comment_status":"closed","ping_status":"closed","template":"","meta":{"inline_featured_image":false},"product_brand":[],"product_cat":[762,753],"class_list":{"0":"post-288803","1":"product","2":"type-product","3":"status-publish","4":"has-post-thumbnail","6":"product_cat-accessoires-voor-graafmachines","7":"product_cat-bosbouw-landschapsarchitectuur","8":"product_shipping_class-versand-b","9":"wcpa_has_options","11":"first","12":"instock","13":"sale","14":"taxable","15":"shipping-taxable","16":"purchasable","17":"product-type-simple"},"bundled_by":["286865","28640","286831","286479","286524","291164","291204","287612","287607","286546","286555","289571","286920","287008","286978","286931","286957","297355","291229"],"bundle_stock_status":"instock","bundle_stock_quantity":140,"bundle_virtual":false,"bundle_layout":"","bundle_add_to_cart_form_location":"","bundle_editable_in_cart":false,"bundle_sold_individually_context":"","bundle_item_grouping":"","bundle_min_size":"","bundle_max_size":"","bundle_price":[],"bundled_items":[],"bundle_sell_ids":[],"jetpack_sharing_enabled":true,"wcpa_form_fields":{"wcpaData":{"product":{"product_price":99,"price_html":"<del aria-hidden=\"true\"><span class=\"woocommerce-Price-amount amount\"><bdi>159,00&nbsp;<span class=\"woocommerce-Price-currencySymbol\">&euro;<\/span><\/bdi><\/span><\/del> <span class=\"screen-reader-text\">Oorspronkelijke prijs was: 159,00&nbsp;&euro;.<\/span><ins aria-hidden=\"true\"><span class=\"woocommerce-Price-amount amount\"><bdi>99,00&nbsp;<span class=\"woocommerce-Price-currencySymbol\">&euro;<\/span><\/bdi><\/span><\/ins><span class=\"screen-reader-text\">Huidige prijs is: 99,00&nbsp;&euro;.<\/span><div class=\"gm-wp_bakery_woocommerce_get_price_html\">\n\t\t<div class=\"wgm-info woocommerce-de_price_taxrate \"><\/div>\n\t\t<div class=\"wgm-info woocommerce_de_versandkosten\">plus <a class=\"versandkosten\" href=\"https:\/\/www.hzc-power.com\/nl\/verzending-en-bezorging\/\" target=\"_blank\">verzending<\/a><\/div><\/div>","original_product_price":159,"price_including_tax":99,"price_excluding_tax":83.193277,"product_id":{"parent":288803,"variation":false},"is_variable":false,"stock_status":"instock","stock_quantity":140,"parent_sku":"BGD","product_attributes":[],"custom_fields":[],"is_taxable":true,"product_name":"Graafduim voor HZC Power minigraafmachines (BGD)","hasImage":false},"fields":{"sec_66711012370517":{"extra":{"key":"sec_66711012370517","section_id":"sec_66711012370517","name":"Default","status":1,"cl_rule":"show","enableCl":false,"relations":[],"toggle":true,"title_tag":"h3","show_title":false,"showPrice":"default","form_id":292283,"form_rules":{"exclude_from_discount":false,"fee_label":"Fee","disp_hide_options_price":false,"disp_show_section_price":false,"disp_show_field_price":true,"layout_option":"standard","pric_use_as_fee":false,"process_fee_as":"woo_fee"},"layout_option":"standard"},"fields":[[{"active":true,"col":6,"relations":false,"cl_rule":"show","enableCl":false,"price":"","enablePrice":true,"className":"","label_position":"default","desc_position":"default","type":"checkbox-group","required":false,"elementId":"checkgroup_6160862643","label":"Adapter","name":"checkgroup_6160862643","values":[{"label":"Adapter","value":"Adapter","selected":false,"tempId":"aco_2814","price":"70","description":"Der Adapter wird f\u00fcr alle Bagger ben\u00f6tigt die oben am Arm keine \u00d6se\/Halterung besitzen. Nur so kann der HBGD an den Minibagger montiert werden.","gt_translate_keys":["label","description"]}],"layOut":"","error":false,"checkUi":"","tooltip":"Der Adapter wird f\u00fcr alle Bagger ben\u00f6tigt die oben am Arm keine \u00d6se\/Halterung besitzen. Nur so kann der HBGD an den Minibagger montiert werden.","other":false,"priceOptions":"different_for_all","pricingType":"fixed","use_as_fee":true,"options_description":true,"enableClearSelection":true,"enableDesign":true,"LabelColor":"#505f6b","gt_translate_keys":["label","tooltip"],"price_dependency":false,"cl_dependency":false,"value":""}]]}},"config":{"price_override":"","enable_recaptcha":false,"bind_quantity":false,"quantity_bind_formula":false,"disp_summ_show_option_price":true,"disp_summ_show_product_price":true,"disp_summ_show_total_price":true,"disp_summ_show_fee":false,"disp_summ_show_discount":false,"summary_title":"","options_total_label":"Optieprijs","total_label":"Totaal bedrag","options_product_label":"Prijs van het product","fee_label":"Fee","discount_label":"Discount","has_price":true,"has_quantity_formula":false},"mc_unit":1,"tax_rate":1,"tax_rate_real":0.19,"discount":{"percentage":0,"fixed":0},"design":{"conf":{"LabelPosition":"above","DescPosition":"above","UploadField":"custom_1","QuantityFieldStyle":"default"},"css":{"LeftLabelWidth":"120px"}},"formulas":[],"lookuptables":[],"clones":false,"cartKey":false}},"_links":{"self":[{"href":"https:\/\/www.hzc-power.com\/nl\/wp-json\/wp\/v2\/product\/288803","targetHints":{"allow":["GET"]}}],"collection":[{"href":"https:\/\/www.hzc-power.com\/nl\/wp-json\/wp\/v2\/product"}],"about":[{"href":"https:\/\/www.hzc-power.com\/nl\/wp-json\/wp\/v2\/types\/product"}],"replies":[{"embeddable":true,"href":"https:\/\/www.hzc-power.com\/nl\/wp-json\/wp\/v2\/comments?post=288803"}],"wp:featuredmedia":[{"embeddable":true,"href":"https:\/\/www.hzc-power.com\/nl\/wp-json\/wp\/v2\/media\/288763"}],"wp:attachment":[{"href":"https:\/\/www.hzc-power.com\/nl\/wp-json\/wp\/v2\/media?parent=288803"}],"wp:term":[{"taxonomy":"product_brand","embeddable":true,"href":"https:\/\/www.hzc-power.com\/nl\/wp-json\/wp\/v2\/product_brand?post=288803"},{"taxonomy":"product_cat","embeddable":true,"href":"https:\/\/www.hzc-power.com\/nl\/wp-json\/wp\/v2\/product_cat?post=288803"}],"curies":[{"name":"wp","href":"https:\/\/api.w.org\/{rel}","templated":true}]}}