{"id":288806,"date":"2024-04-09T13:13:02","date_gmt":"2024-04-09T11:13:02","guid":{"rendered":"https:\/\/www.hzc-power.com\/unkategorisiert\/hydraulische-graafmachineduim-voor-hzc-power-minigraafmachine-hbgd\/hydraulische-graafmachineduim-voor-hzc-power-minigraafmachine-hbgd\/"},"modified":"2025-09-01T08:41:40","modified_gmt":"2025-09-01T06:41:40","slug":"hydraulische-graafmachineduim-voor-hzc-power-minigraafmachine-hbgd","status":"publish","type":"product","link":"https:\/\/www.hzc-power.com\/nl\/hydraulische-graafmachineduim-voor-hzc-power-minigraafmachine-hbgd\/","title":{"rendered":"Hydraulische graafmachineduim voor HZC Power minigraafmachine (HBGD)"},"content":{"rendered":"<div class=\"wpb-content-wrapper\"><p>[vc_row css=&#8221;.vc_custom_1696421734791{padding-top: 3rem !important;padding-bottom: 3rem !important;}&#8221;][vc_column width=&#8221;1\/2&#8243;][vc_column_text]<\/p>\n<h2>Hydraulische graafduim voor HZC Power minigraafmachine (HBGD)<\/h2>\n<p>[\/vc_column_text][vc_empty_space][vc_column_text]De hydraulische graafmachineduim HBGD is geschikt als extra hulpmiddel voor al onze minigraafmachines. De duim is ideaal voor het optillen van grotere stukken hout. Als de duim niet meer wordt gebruikt, kan deze eenvoudig naar achteren worden bewogen. Hierdoor hoeft hij niet apart gedemonteerd te worden. Het is geschikt voor al onze HZC Power-modellen met dieselmotoren en benzinemotoren.[\/vc_column_text][\/vc_column][vc_column width=&#8221;1\/2&#8243;][vc_column_text]<\/p>\n<h2>Afmetingen:<\/h2>\n<p>[\/vc_column_text][vc_empty_space][vc_column_text]<\/p>\n<ul>\n<li>Nettogewicht 12,5 kg<\/li>\n<li>Max. Diameter: 500 mm<\/li>\n<li>Laadvermogen: 100 kg<\/li>\n<\/ul>\n<p>[\/vc_column_text][\/vc_column][\/vc_row][vc_row][vc_column]            <div class=\"nasa-static-block\" >\r\n                                <div class=\"nasa-static-block-container\">\r\n                    <style type=\"text\/css\" data-type=\"vc_shortcodes-custom-css\">.vc_custom_1696253521432{margin-top: 2rem !important;margin-bottom: 2rem !important;padding-top: 3rem !important;padding-bottom: 3rem !important;background-color: #505f6b !important;}.vc_custom_1696253530748{padding-right: 1rem !important;padding-left: 1rem !important;}<\/style>[vc_section full_width=\"stretch_row\" css=\".vc_custom_1696253521432{margin-top: 2rem !important;margin-bottom: 2rem !important;padding-top: 3rem !important;padding-bottom: 3rem !important;background-color: #505f6b !important;}\"][vc_row css=\".vc_custom_1696253530748{padding-right: 1rem !important;padding-left: 1rem !important;}\"][vc_column width=\"1\/2\"][vc_column_text]\r\n<h2><span style=\"color: #ffffff;\">Aanbieding voor uw HZC Power-product<\/span><\/h2>\r\n[\/vc_column_text][vc_empty_space][\/vc_column][vc_column width=\"1\/2\"][vc_column_text]<span style=\"color: #ffffff;\">Bij HZC Power letten we altijd op de hoogste kwaliteit, technisch onberispelijke afwerking en een robuuste constructie. U ontvangt onze producten gedeeltelijk gemonteerd door een transportbedrijf. Wij bieden u een vaste prijs voor verzending die automatisch wordt gegenereerd in de winkelwagen (aanvullende verzendinformatie vindt u <strong>hier<\/strong>).<\/span>\r\n\r\n<span style=\"color: #ffffff;\">U bent van harte welkom om onze producten na afspraak te bekijken op ons hoofdkantoor of ze gratis op te halen.<\/span>\r\n\r\n<span style=\"color: #ffffff;\">Als u nog vragen heeft over de afzonderlijke modellen, neem dan gerust contact op met <strong>onze klantenservice<\/strong>. Hij adviseert u graag verder. Overtuig uzelf van ons aanbod en verzeker uw product in de beste kwaliteit tegen de beste prijs bij HZC Power.<\/span>[\/vc_column_text][\/vc_column][\/vc_row][\/vc_section]                <\/div>\r\n            <\/div>\r\n            [\/vc_column][\/vc_row][vc_row][vc_column][vc_video link=&#8221;https:\/\/youtu.be\/JUxwjktM5ks&#8221;][\/vc_column][\/vc_row]<\/p>\n<\/div>","protected":false},"excerpt":{"rendered":"<p><span style=\"color: #ff0000;\"><strong>Beschikbaar vanaf juni.<\/strong><\/span><\/p>\n","protected":false},"featured_media":289003,"comment_status":"closed","ping_status":"closed","template":"","meta":{"inline_featured_image":false},"product_brand":[],"product_cat":[762,753],"class_list":{"0":"post-288806","1":"product","2":"type-product","3":"status-publish","4":"has-post-thumbnail","6":"product_cat-accessoires-voor-graafmachines","7":"product_cat-bosbouw-landschapsarchitectuur","8":"product_shipping_class-versand-b","9":"wcpa_has_options","11":"first","12":"instock","13":"sale","14":"taxable","15":"shipping-taxable","16":"purchasable","17":"product-type-simple"},"bundled_by":["286865","28640","286831","286479","286524","291164","291204","287612","287607","286546","286555","289571","286920","287008","286978","286931","286957"],"bundle_stock_status":"instock","bundle_stock_quantity":53,"bundle_virtual":false,"bundle_layout":"","bundle_add_to_cart_form_location":"","bundle_editable_in_cart":false,"bundle_sold_individually_context":"","bundle_item_grouping":"","bundle_min_size":"","bundle_max_size":"","bundle_price":[],"bundled_items":[],"bundle_sell_ids":[],"jetpack_sharing_enabled":true,"wcpa_form_fields":{"wcpaData":{"product":{"product_price":199,"price_html":"<del aria-hidden=\"true\"><span class=\"woocommerce-Price-amount amount\"><bdi>259,00&nbsp;<span class=\"woocommerce-Price-currencySymbol\">&euro;<\/span><\/bdi><\/span><\/del> <span class=\"screen-reader-text\">Oorspronkelijke prijs was: 259,00&nbsp;&euro;.<\/span><ins aria-hidden=\"true\"><span class=\"woocommerce-Price-amount amount\"><bdi>199,00&nbsp;<span class=\"woocommerce-Price-currencySymbol\">&euro;<\/span><\/bdi><\/span><\/ins><span class=\"screen-reader-text\">Huidige prijs is: 199,00&nbsp;&euro;.<\/span><div class=\"gm-wp_bakery_woocommerce_get_price_html\">\n\t\t<div class=\"wgm-info woocommerce-de_price_taxrate \"><\/div>\n\t\t<div class=\"wgm-info woocommerce_de_versandkosten\">plus <a class=\"versandkosten\" href=\"https:\/\/www.hzc-power.com\/nl\/verzending-en-bezorging\/\" target=\"_blank\">verzending<\/a><\/div><\/div>","original_product_price":259,"price_including_tax":199,"price_excluding_tax":167.226891,"product_id":{"parent":288806,"variation":false},"is_variable":false,"stock_status":"instock","stock_quantity":53,"parent_sku":"HBGD","product_attributes":[],"custom_fields":[],"is_taxable":true,"product_name":"Hydraulische graafmachineduim voor HZC Power minigraafmachine (HBGD)","hasImage":false},"fields":{"sec_66711012370517":{"extra":{"key":"sec_66711012370517","section_id":"sec_66711012370517","name":"Default","status":1,"cl_rule":"show","enableCl":false,"relations":[],"toggle":true,"title_tag":"h3","show_title":false,"showPrice":"default","form_id":292283,"form_rules":{"exclude_from_discount":false,"fee_label":"Fee","disp_hide_options_price":false,"disp_show_section_price":false,"disp_show_field_price":true,"layout_option":"standard","pric_use_as_fee":false,"process_fee_as":"woo_fee"},"layout_option":"standard"},"fields":[[{"active":true,"col":6,"relations":false,"cl_rule":"show","enableCl":false,"price":"","enablePrice":true,"className":"","label_position":"default","desc_position":"default","type":"checkbox-group","required":false,"elementId":"checkgroup_6160862643","label":"Adapter","name":"checkgroup_6160862643","values":[{"label":"Adapter","value":"Adapter","selected":false,"tempId":"aco_2814","price":"70","description":"Der Adapter wird f\u00fcr alle Bagger ben\u00f6tigt die oben am Arm keine \u00d6se\/Halterung besitzen. Nur so kann der HBGD an den Minibagger montiert werden.","gt_translate_keys":["label","description"]}],"layOut":"","error":false,"checkUi":"","tooltip":"Der Adapter wird f\u00fcr alle Bagger ben\u00f6tigt die oben am Arm keine \u00d6se\/Halterung besitzen. Nur so kann der HBGD an den Minibagger montiert werden.","other":false,"priceOptions":"different_for_all","pricingType":"fixed","use_as_fee":true,"options_description":true,"enableClearSelection":true,"enableDesign":true,"LabelColor":"#505f6b","gt_translate_keys":["label","tooltip"],"price_dependency":false,"cl_dependency":false,"value":""}]]}},"config":{"price_override":"","enable_recaptcha":false,"bind_quantity":false,"quantity_bind_formula":false,"disp_summ_show_option_price":true,"disp_summ_show_product_price":true,"disp_summ_show_total_price":true,"disp_summ_show_fee":false,"disp_summ_show_discount":false,"summary_title":"","options_total_label":"Optieprijs","total_label":"Totaal bedrag","options_product_label":"Prijs van het product","fee_label":"Fee","discount_label":"Discount","has_price":true,"has_quantity_formula":false},"mc_unit":1,"tax_rate":1,"tax_rate_real":0.19,"discount":{"percentage":0,"fixed":0},"design":{"conf":{"LabelPosition":"above","DescPosition":"above","UploadField":"custom_1","QuantityFieldStyle":"default"},"css":{"LeftLabelWidth":"120px"}},"formulas":[],"lookuptables":[],"clones":false,"cartKey":false}},"_links":{"self":[{"href":"https:\/\/www.hzc-power.com\/nl\/wp-json\/wp\/v2\/product\/288806","targetHints":{"allow":["GET"]}}],"collection":[{"href":"https:\/\/www.hzc-power.com\/nl\/wp-json\/wp\/v2\/product"}],"about":[{"href":"https:\/\/www.hzc-power.com\/nl\/wp-json\/wp\/v2\/types\/product"}],"replies":[{"embeddable":true,"href":"https:\/\/www.hzc-power.com\/nl\/wp-json\/wp\/v2\/comments?post=288806"}],"wp:featuredmedia":[{"embeddable":true,"href":"https:\/\/www.hzc-power.com\/nl\/wp-json\/wp\/v2\/media\/289003"}],"wp:attachment":[{"href":"https:\/\/www.hzc-power.com\/nl\/wp-json\/wp\/v2\/media?parent=288806"}],"wp:term":[{"taxonomy":"product_brand","embeddable":true,"href":"https:\/\/www.hzc-power.com\/nl\/wp-json\/wp\/v2\/product_brand?post=288806"},{"taxonomy":"product_cat","embeddable":true,"href":"https:\/\/www.hzc-power.com\/nl\/wp-json\/wp\/v2\/product_cat?post=288806"}],"curies":[{"name":"wp","href":"https:\/\/api.w.org\/{rel}","templated":true}]}}