{"id":289084,"date":"2024-04-26T16:38:43","date_gmt":"2024-04-26T14:38:43","guid":{"rendered":"https:\/\/www.hzc-power.com\/?post_type=product&#038;p=289084"},"modified":"2024-06-11T17:50:13","modified_gmt":"2024-06-11T15:50:13","slug":"klepelmaaier-105-cm-maaibreedte-tractormaaier-met-aftakas-el105m","status":"publish","type":"product","link":"https:\/\/www.hzc-power.com\/nl\/klepelmaaier-105-cm-maaibreedte-tractormaaier-met-aftakas-el105m\/","title":{"rendered":"Klepelmaaier, maaibreedte 105 cm, tractormaaier, klepelmaaier, mulcher, maaier, met aftakas (EL105M)"},"content":{"rendered":"<div class=\"wpb-content-wrapper\"><p>[vc_row css=&#8221;.vc_custom_1696242851914{padding-top: 3rem !important;padding-bottom: 3rem !important;}&#8221;][vc_column width=&#8221;1\/2&#8243;]<div class=\"nasa-title clearfix hr-type-full\"><div class=\"nasa-wrap\"><h2 class=\"nasa-heading-title\"><span class=\"nasa-title-wrap\"><span style=\"background: #ffffff;\">Klepelmaaier, maaibreedte 105 cm, tractormaaier, klepelmaaier, mulcher, maaier, met aftakas (EL105M)<\/span><span class=\"nasa-title-hr\"><\/span><\/span><\/h2><\/div><\/div>[vc_empty_space][vc_column_text]Onze EL105M mulchmaaier is zeer stevig gebouwd, waardoor het de perfecte mulchmaaier is en ook kan worden gebruikt als tractor\/tractormaaier. De maaier voor de tractor\/tractor wordt aangedreven door een aftakas en heeft een maaibreedte van 105 cm.<\/p>\n<p><strong>De dubbele spiraalrotor met zijn gelijkmatige rotorbelasting zorgt voor een bijzonder rustige loop en een lange levensduur met aanzienlijk minder inspanning. Dankzij het stevige ontwerp treedt er geen vervorming op na het werk. Zelfs zeer hoog gras, struikachtig of ruw maaisel is kinderspel met deze maaier.<\/strong><\/p>\n<p>De klepelmaaier is bijzonder geschikt voor vlakke terreinen, hellingen, erven, gazons, parken, groenstroken, boomgaarden, dicht gras, stokken, ondergroei en lichte ranken, groente- en weidebedekkingen, bermen en bermonderhoud, enz., zodat je onkruid, lianen en struiktakken onder de 3 cm kunt maaien. De sleeprol zorgt voor een schoon en vlak gemaaid oppervlak op de weide.<\/p>\n<p>De maaier wordt bevestigd aan de driepuntsophanging van je trekker\/tractor en is ontworpen voor Cat. I.<\/p>\n<p>Je tractor of trekker moet ten minste 18-25 pk hebben.<\/p>\n<p>De maaihoogte is instelbaar. De maaihoogte kan worden aangepast met behulp van de glijders aan de zijkant. De maximale maaihoogte is 6 cm. De maaier heeft ook veiligheidskleppen om te voorkomen dat stenen, puin enz. ontsnappen.<\/p>\n<p>Vertaald met DeepL.com (gratis versie)[\/vc_column_text][\/vc_column][\/vc_row][vc_row css=&#8221;.vc_custom_1696242860894{margin-top: 2rem !important;margin-bottom: 2rem !important;}&#8221;][vc_column]            <div class=\"nasa-static-block\" >\r\n                                <div class=\"nasa-static-block-container\">\r\n                    <style type=\"text\/css\" data-type=\"vc_shortcodes-custom-css\">.vc_custom_1696253521432{margin-top: 2rem !important;margin-bottom: 2rem !important;padding-top: 3rem !important;padding-bottom: 3rem !important;background-color: #505f6b !important;}.vc_custom_1696253530748{padding-right: 1rem !important;padding-left: 1rem !important;}<\/style>[vc_section full_width=\"stretch_row\" css=\".vc_custom_1696253521432{margin-top: 2rem !important;margin-bottom: 2rem !important;padding-top: 3rem !important;padding-bottom: 3rem !important;background-color: #505f6b !important;}\"][vc_row css=\".vc_custom_1696253530748{padding-right: 1rem !important;padding-left: 1rem !important;}\"][vc_column width=\"1\/2\"][vc_column_text]\r\n<h2><span style=\"color: #ffffff;\">Aanbieding voor uw HZC Power-product<\/span><\/h2>\r\n[\/vc_column_text][vc_empty_space][\/vc_column][vc_column width=\"1\/2\"][vc_column_text]<span style=\"color: #ffffff;\">Bij HZC Power letten we altijd op de hoogste kwaliteit, technisch onberispelijke afwerking en een robuuste constructie. U ontvangt onze producten gedeeltelijk gemonteerd door een transportbedrijf. Wij bieden u een vaste prijs voor verzending die automatisch wordt gegenereerd in de winkelwagen (aanvullende verzendinformatie vindt u <strong>hier<\/strong>).<\/span>\r\n\r\n<span style=\"color: #ffffff;\">U bent van harte welkom om onze producten na afspraak te bekijken op ons hoofdkantoor of ze gratis op te halen.<\/span>\r\n\r\n<span style=\"color: #ffffff;\">Als u nog vragen heeft over de afzonderlijke modellen, neem dan gerust contact op met <strong>onze klantenservice<\/strong>. Hij adviseert u graag verder. Overtuig uzelf van ons aanbod en verzeker uw product in de beste kwaliteit tegen de beste prijs bij HZC Power.<\/span>[\/vc_column_text][\/vc_column][\/vc_row][\/vc_section]                <\/div>\r\n            <\/div>\r\n            [\/vc_column][\/vc_row][vc_row css=&#8221;.vc_custom_1696242868633{padding-top: 3rem !important;padding-bottom: 3rem !important;}&#8221;][vc_column width=&#8221;1\/2&#8243;]<div class=\"nasa-title clearfix hr-type-full\"><div class=\"nasa-wrap\"><h2 class=\"nasa-heading-title\"><span class=\"nasa-title-wrap\"><span style=\"background: #ffffff;\">Rijden<\/span><span class=\"nasa-title-hr\"><\/span><\/span><\/h2><\/div><\/div>[vc_empty_space][vc_column_text]De maaier wordt aangedreven door de bestaande aftakas van uw trekker\/sleepboot. Tevens beschikt de maaier over 3 V-snaren die hem aandrijven. De aftakas is bij de levering inbegrepen.[\/vc_column_text][vc_empty_space]<div class=\"nasa-title clearfix hr-type-full\"><div class=\"nasa-wrap\"><h2 class=\"nasa-heading-title\"><span class=\"nasa-title-wrap\"><span style=\"background: #ffffff;\">Uitrusting<\/span><span class=\"nasa-title-hr\"><\/span><\/span><\/h2><\/div><\/div>[vc_empty_space][vc_column_text]De 18 speciaal geharde, ingebouwde hamerklepels versnipperen het maaisel tot een minimum. Zelfs zeer hoog gras, struikachtig of stroachtig maaisel vormen geen enkel probleem voor deze maaier.[\/vc_column_text][\/vc_column][vc_column width=&#8221;1\/2&#8243;]<div class=\"nasa-title clearfix hr-type-full\"><div class=\"nasa-wrap\"><h2 class=\"nasa-heading-title\"><span class=\"nasa-title-wrap\"><span style=\"background: #ffffff;\">Technische Gegevens<\/span><span class=\"nasa-title-hr\"><\/span><\/span><\/h2><\/div><\/div>[vc_empty_space][vc_column_text]Fabrikant: HZC Power<br \/>\nModel: EL105M<br \/>\nAftakas: meegeleverd<br \/>\nMaaieraandrijving: 3 V-riemen<br \/>\nWerkbreedte\/maaibreedte: 1050 mm<br \/>\nToerental: 540<br \/>\nType mes: hamervlegel, Y-mes<br \/>\nMontage: driepuntsophanging Cat. I<br \/>\nTrekkervermogen: min. 18 PK &#8211; 25 PK<br \/>\nType mes: hamervlegel<br \/>\nAantal hamerhamers: 18 extra gehard<br \/>\nGewicht hamervlegel: 0,32 Kg<br \/>\nKlepelas \u00d8: \u00d876 mm<br \/>\nSleeprol \u00d8: \u00d8102 mm<br \/>\nTotaal gewicht: 207 kg<br \/>\nAfmetingen gemonteerd: 1170 x 1100 x 850 mm (LxBxH)<br \/>\nAfmetingen verpakking: (LxBxH)<br \/>\nGewicht inclusief verpakking: 207 Kg[\/vc_column_text][\/vc_column][\/vc_row][vc_row css=&#8221;.vc_custom_1696242881010{margin-top: 2rem !important;margin-bottom: 2rem !important;}&#8221;][vc_column]            <div class=\"nasa-static-block\" >\r\n                                <div class=\"nasa-static-block-container\">\r\n                    <style type=\"text\/css\" data-type=\"vc_shortcodes-custom-css\">.vc_custom_1696253560832{margin-top: 2rem !important;margin-bottom: 2rem !important;padding-top: 3rem !important;padding-bottom: 3rem !important;background-color: #505f6b !important;}.vc_custom_1696253549474{padding-right: 1rem !important;padding-left: 1rem !important;}<\/style>[vc_section full_width=\"stretch_row\" css=\".vc_custom_1696253560832{margin-top: 2rem !important;margin-bottom: 2rem !important;padding-top: 3rem !important;padding-bottom: 3rem !important;background-color: #505f6b !important;}\"][vc_row css=\".vc_custom_1696253549474{padding-right: 1rem !important;padding-left: 1rem !important;}\"][vc_column width=\"1\/2\"][vc_column_text]\r\n<h2><span style=\"color: #ffffff;\">Verzendgegevens\/afleverbon<\/span><\/h2>\r\n[\/vc_column_text][vc_empty_space][\/vc_column][vc_column width=\"1\/2\"][vc_column_text]<span style=\"color: #ffffff;\">De machine wordt goed verpakt en gedemonteerd geleverd in een houten krat. Houd rekening met ongeveer 2-3 uur voor de uiteindelijke montage. De montage is zeer eenvoudig en kan ook door niet-professionals worden uitgevoerd. Als je echter hulp nodig hebt, helpen we je graag. Je hebt ongeveer 1,8 liter motorolie nodig voor de motor. Wij adviseren een multigrade olie van de classificatie 10W40 of 15W40.<\/span>[\/vc_column_text][\/vc_column][\/vc_row][\/vc_section]                <\/div>\r\n            <\/div>\r\n            [\/vc_column][\/vc_row]<\/p>\n<\/div>","protected":false},"excerpt":{"rendered":"<p><span style=\"color: #ff0000;\"><strong>Beschikbaar vanaf augustus. Bestel de mulcher\/maaier vooraf en verzeker je ervan dat de voorraad strekt!<\/strong><\/span><\/p>\n<ul>\n<li>Werkbreedte\/snijbreedte <strong>van 1050 mm<\/strong><\/li>\n<li><strong>De dubbele spiraalrotor met gelijkmatige rotorbelasting zorgt voor een bijzonder rustige loop en een lange levensduur bij aanzienlijk minder inspanning<\/strong><\/li>\n<li>Aandrijving van de maaier <strong>via 3 V-snaren<\/strong><\/li>\n<li><strong>Maaihoogte is verstelbaar, max. maaihoogte 6 cm<\/strong><\/li>\n<li><strong>Geschikt voor zeer hoog gras, bossig of stroachtig maaisel, gazons<\/strong><\/li>\n<li>18 extra geharde hamerklepels <strong>versnipperen het maaisel tot het kleinst mogelijke formaat<\/strong><\/li>\n<li>De mulcher kan <strong>aan de tractor\/tractor worden gekoppeld met behulp van de bestaande aftakas<\/strong><\/li>\n<li>De mulcher is bijzonder geschikt <strong>voor vlakke gebieden, hellingen, erven, gazons, parken, groene gebieden, boomgaarden, dik gras, stokken, ondergroei en lichte wijnstokken, groente- en weilandbedekkingen, bermen en onderhoud van bermen, enz. <\/strong><\/li>\n<li>Hij kan ook <strong>onkruid, wijnranken en struiktakken van minder dan 3 cm afsnijden<\/strong><\/li>\n<li>Inname: <strong>Driepuntsvering Cat. I<\/strong><\/li>\n<li>Sleep-\/tractorvermogen:<strong>min. 18 PK \u2013 25 PK<\/strong><\/li>\n<li>Zeer <strong>hoogwaardige en robuuste afwerking<\/strong><\/li>\n<li><strong>Eenvoudige bediening\/hantering<\/strong><\/li>\n<\/ul>\n            <div class=\"nasa-static-block\" >\r\n                                <div class=\"nasa-static-block-container\">\r\n                    <style type=\"text\/css\" data-type=\"vc_shortcodes-custom-css\">.vc_custom_1701967224244{padding-top: 1rem !important;padding-right: 1rem !important;padding-bottom: 1rem !important;padding-left: 1rem !important;background-color: #9f131e !important;}<\/style>[vc_row css=\".vc_custom_1701967224244{padding-top: 1rem !important;padding-right: 1rem !important;padding-bottom: 1rem !important;padding-left: 1rem !important;background-color: #9f131e !important;}\"][vc_column][vc_column_text]<span style=\"color: #ffffff;\"><strong>Entretien &amp; r\u00e9paration pour une longue dur\u00e9e de vie:<\/strong>.<\/span>\r\n<span style=\"color: #ffffff;\">Notre service complet est disponible pour ce produit.<\/span>\r\n<span style=\"color: #ffffff;\">Toutes les pi\u00e8ces de rechange sont toujours disponibles en stock et sont install\u00e9es dans les plus brefs d\u00e9lais.<\/span>[\/vc_column_text][\/vc_column][\/vc_row]                <\/div>\r\n            <\/div>\r\n            \n","protected":false},"featured_media":289120,"comment_status":"open","ping_status":"closed","template":"","meta":{"inline_featured_image":false},"product_brand":[],"product_cat":[753,1127],"class_list":{"0":"post-289084","1":"product","2":"type-product","3":"status-publish","4":"has-post-thumbnail","6":"product_cat-bosbouw-landschapsarchitectuur","7":"product_cat-maaiers-mulchers","8":"product_shipping_class-spedition-mittel","10":"first","11":"instock","12":"sale","13":"taxable","14":"shipping-taxable","15":"purchasable","16":"product-type-simple"},"bundled_by":[],"bundle_stock_status":"instock","bundle_stock_quantity":3,"bundle_virtual":false,"bundle_layout":"","bundle_add_to_cart_form_location":"","bundle_editable_in_cart":false,"bundle_sold_individually_context":"","bundle_item_grouping":"","bundle_min_size":"","bundle_max_size":"","bundle_price":[],"bundled_items":[],"bundle_sell_ids":[],"jetpack_sharing_enabled":true,"wcpa_form_fields":null,"_links":{"self":[{"href":"https:\/\/www.hzc-power.com\/nl\/wp-json\/wp\/v2\/product\/289084","targetHints":{"allow":["GET"]}}],"collection":[{"href":"https:\/\/www.hzc-power.com\/nl\/wp-json\/wp\/v2\/product"}],"about":[{"href":"https:\/\/www.hzc-power.com\/nl\/wp-json\/wp\/v2\/types\/product"}],"replies":[{"embeddable":true,"href":"https:\/\/www.hzc-power.com\/nl\/wp-json\/wp\/v2\/comments?post=289084"}],"wp:featuredmedia":[{"embeddable":true,"href":"https:\/\/www.hzc-power.com\/nl\/wp-json\/wp\/v2\/media\/289120"}],"wp:attachment":[{"href":"https:\/\/www.hzc-power.com\/nl\/wp-json\/wp\/v2\/media?parent=289084"}],"wp:term":[{"taxonomy":"product_brand","embeddable":true,"href":"https:\/\/www.hzc-power.com\/nl\/wp-json\/wp\/v2\/product_brand?post=289084"},{"taxonomy":"product_cat","embeddable":true,"href":"https:\/\/www.hzc-power.com\/nl\/wp-json\/wp\/v2\/product_cat?post=289084"}],"curies":[{"name":"wp","href":"https:\/\/api.w.org\/{rel}","templated":true}]}}