{"id":290469,"date":"2024-05-02T13:31:48","date_gmt":"2024-05-02T11:31:48","guid":{"rendered":"https:\/\/www.hzc-power.com\/niet-gecategoriseerd\/laadramp-laadrail-oprit-met-5t-laadvermogen-3-meter-lengte-ra5000\/laadramp-laadrail-oprit-met-5t-laadvermogen-3-meter-lengte-ra5000\/"},"modified":"2025-01-23T13:23:41","modified_gmt":"2025-01-23T12:23:41","slug":"laadramp-laadrail-oprit-met-5t-laadvermogen-3-meter-lengte-ra5000","status":"publish","type":"product","link":"https:\/\/www.hzc-power.com\/nl\/laadramp-laadrail-oprit-met-5t-laadvermogen-3-meter-lengte-ra5000\/","title":{"rendered":"Laadramp \/ laadrail \/ oprit met 5t laadvermogen, 3 meter lengte (RA5000)"},"content":{"rendered":"<div class=\"wpb-content-wrapper\"><p>[vc_row css=&#8221;.vc_custom_1696422117279{padding-top: 3rem !important;padding-bottom: 3rem !important;}&#8221;][vc_column width=&#8221;1\/2&#8243;][vc_column_text]<\/p>\n<h2>Laadrail \/ oprit \/ laadramp met 5t draagvermogen (RA5000)<\/h2>\n<p>[\/vc_column_text][vc_empty_space][vc_column_text css_animation=&#8221;none&#8221;]Laadrail \/ oprit \/ laadramp met 5t laadvermogen (RA5000) gemaakt van hoogwaardig aluminium is ideaal voor het laden van aanhangwagens. De oprijplaten zijn eenvoudig te verplaatsen en flexibel inzetbaar. Maximaal gewicht per oprijplaat is 2500 kg.[\/vc_column_text][vc_empty_space][\/vc_column][vc_column width=&#8221;1\/2&#8243;][vc_column_text]<\/p>\n<h2>Details:<\/h2>\n<p>[\/vc_column_text][vc_empty_space][vc_column_text]<\/p>\n<ul>\n<li>Afmetingen (LxBxH): 300x45x14 cm<\/li>\n<li>Max. Belasting: 2500 kg per oprijplaat<\/li>\n<li>Nettogewicht: 29 kg<\/li>\n<li>Materiaal: aluminium<\/li>\n<li>Bijzonderheid: rijvlak met antislipprofiel, mogelijkheid om in te haken<\/li>\n<\/ul>\n<p>[\/vc_column_text][\/vc_column][\/vc_row][vc_row][vc_column]            <div class=\"nasa-static-block\" >\r\n                                <div class=\"nasa-static-block-container\">\r\n                    <style type=\"text\/css\" data-type=\"vc_shortcodes-custom-css\">.vc_custom_1696253521432{margin-top: 2rem !important;margin-bottom: 2rem !important;padding-top: 3rem !important;padding-bottom: 3rem !important;background-color: #505f6b !important;}.vc_custom_1696253530748{padding-right: 1rem !important;padding-left: 1rem !important;}<\/style>[vc_section full_width=\"stretch_row\" css=\".vc_custom_1696253521432{margin-top: 2rem !important;margin-bottom: 2rem !important;padding-top: 3rem !important;padding-bottom: 3rem !important;background-color: #505f6b !important;}\"][vc_row css=\".vc_custom_1696253530748{padding-right: 1rem !important;padding-left: 1rem !important;}\"][vc_column width=\"1\/2\"][vc_column_text]\r\n<h2><span style=\"color: #ffffff;\">Aanbieding voor uw HZC Power-product<\/span><\/h2>\r\n[\/vc_column_text][vc_empty_space][\/vc_column][vc_column width=\"1\/2\"][vc_column_text]<span style=\"color: #ffffff;\">Bij HZC Power letten we altijd op de hoogste kwaliteit, technisch onberispelijke afwerking en een robuuste constructie. U ontvangt onze producten gedeeltelijk gemonteerd door een transportbedrijf. Wij bieden u een vaste prijs voor verzending die automatisch wordt gegenereerd in de winkelwagen (aanvullende verzendinformatie vindt u <strong>hier<\/strong>).<\/span>\r\n\r\n<span style=\"color: #ffffff;\">U bent van harte welkom om onze producten na afspraak te bekijken op ons hoofdkantoor of ze gratis op te halen.<\/span>\r\n\r\n<span style=\"color: #ffffff;\">Als u nog vragen heeft over de afzonderlijke modellen, neem dan gerust contact op met <strong>onze klantenservice<\/strong>. Hij adviseert u graag verder. Overtuig uzelf van ons aanbod en verzeker uw product in de beste kwaliteit tegen de beste prijs bij HZC Power.<\/span>[\/vc_column_text][\/vc_column][\/vc_row][\/vc_section]                <\/div>\r\n            <\/div>\r\n            [\/vc_column][\/vc_row][vc_row css=&#8221;.vc_custom_1696422117279{padding-top: 3rem !important;padding-bottom: 3rem !important;}&#8221;][vc_column width=&#8221;1\/2&#8243;][vc_column_text]<\/p>\n<h2>Laadrail \/ oprit \/ laadramp met 5t draagvermogen (RA5000)<\/h2>\n<p>[\/vc_column_text][vc_empty_space][vc_column_text css_animation=&#8221;none&#8221;]Verladeschiene \/ Rampe \/ Laderampe mit 5t Traglast (RA5000) aus hochwertigem Aluminium eignet sich ideal zum Beladen von Anh\u00e4ngern. Die Rampen sind einfach zu bewegen und lassen sich flexibel nutzen. H\u00f6chstgewicht pro Rampe sind 2500 kg. Die Rampen sind 3 Meter lang.[\/vc_column_text][vc_empty_space][\/vc_column][vc_column width=&#8221;1\/2&#8243;][vc_column_text]<\/p>\n<h2>Details:<\/h2>\n<p>[\/vc_column_text][vc_empty_space][vc_column_text]<\/p>\n<ul>\n<li>Ma\u00dfe (LxBxH): 300x45x14 cm<\/li>\n<li>Max. Beladung: 2500 Kg pro Rampe<\/li>\n<li>Eigengewicht: 29 Kg pro Rampe<\/li>\n<li>Max. Ladeh\u00f6he: 65 cm<\/li>\n<li>Material: Aluminium<\/li>\n<li>Besonderheit: Fahrfl\u00e4che mit Anti-Rutsch-Profil, M\u00f6glichkeit zum Einh\u00e4ngen<\/li>\n<\/ul>\n<p>[\/vc_column_text][\/vc_column][\/vc_row][vc_row][vc_column]            <div class=\"nasa-static-block\" >\r\n                                <div class=\"nasa-static-block-container\">\r\n                    <style type=\"text\/css\" data-type=\"vc_shortcodes-custom-css\">.vc_custom_1696253521432{margin-top: 2rem !important;margin-bottom: 2rem !important;padding-top: 3rem !important;padding-bottom: 3rem !important;background-color: #505f6b !important;}.vc_custom_1696253530748{padding-right: 1rem !important;padding-left: 1rem !important;}<\/style>[vc_section full_width=\"stretch_row\" css=\".vc_custom_1696253521432{margin-top: 2rem !important;margin-bottom: 2rem !important;padding-top: 3rem !important;padding-bottom: 3rem !important;background-color: #505f6b !important;}\"][vc_row css=\".vc_custom_1696253530748{padding-right: 1rem !important;padding-left: 1rem !important;}\"][vc_column width=\"1\/2\"][vc_column_text]\r\n<h2><span style=\"color: #ffffff;\">Aanbieding voor uw HZC Power-product<\/span><\/h2>\r\n[\/vc_column_text][vc_empty_space][\/vc_column][vc_column width=\"1\/2\"][vc_column_text]<span style=\"color: #ffffff;\">Bij HZC Power letten we altijd op de hoogste kwaliteit, technisch onberispelijke afwerking en een robuuste constructie. U ontvangt onze producten gedeeltelijk gemonteerd door een transportbedrijf. Wij bieden u een vaste prijs voor verzending die automatisch wordt gegenereerd in de winkelwagen (aanvullende verzendinformatie vindt u <strong>hier<\/strong>).<\/span>\r\n\r\n<span style=\"color: #ffffff;\">U bent van harte welkom om onze producten na afspraak te bekijken op ons hoofdkantoor of ze gratis op te halen.<\/span>\r\n\r\n<span style=\"color: #ffffff;\">Als u nog vragen heeft over de afzonderlijke modellen, neem dan gerust contact op met <strong>onze klantenservice<\/strong>. Hij adviseert u graag verder. Overtuig uzelf van ons aanbod en verzeker uw product in de beste kwaliteit tegen de beste prijs bij HZC Power.<\/span>[\/vc_column_text][\/vc_column][\/vc_row][\/vc_section]                <\/div>\r\n            <\/div>\r\n            [\/vc_column][\/vc_row]<\/p>\n<\/div>","protected":false},"excerpt":{"rendered":"<p><span style=\"color: #ff0000;\"><strong>Beschikbaar vanaf eind maart 2025<\/strong><\/span><\/p>\n<ul>\n<li>Max. Beladung: <strong>2500 Kg<\/strong> pro Rampe<\/li>\n<li><strong>Aluminium<\/strong><\/li>\n<li><strong>Fahrfl\u00e4che mit Anti-Rutsch-Profil, M\u00f6glichkeit zum Einh\u00e4ngen<\/strong><\/li>\n<li>Die Bestellung beinhaltet <strong>zwei Rampen, die jeweils eine Einheit bilden<\/strong><\/li>\n<\/ul>\n","protected":false},"featured_media":289234,"comment_status":"closed","ping_status":"closed","template":"","meta":{"inline_featured_image":false},"product_brand":[],"product_cat":[762,753,1295],"class_list":{"0":"post-290469","1":"product","2":"type-product","3":"status-publish","4":"has-post-thumbnail","6":"product_cat-accessoires-voor-graafmachines","7":"product_cat-bosbouw-landschapsarchitectuur","8":"product_cat-laadrail","9":"product_shipping_class-spedition-15","11":"first","12":"instock","13":"sale","14":"taxable","15":"shipping-taxable","16":"purchasable","17":"product-type-simple"},"bundled_by":["286865","28640","286831","286479","286524","291164","291204","287612","287607","286546","286555","289571","286920","287008","286978","286931","291229","286957","297355"],"bundle_stock_status":"instock","bundle_stock_quantity":11,"bundle_virtual":false,"bundle_layout":"","bundle_add_to_cart_form_location":"","bundle_editable_in_cart":false,"bundle_sold_individually_context":"","bundle_item_grouping":"","bundle_min_size":"","bundle_max_size":"","bundle_price":[],"bundled_items":[],"bundle_sell_ids":[],"jetpack_sharing_enabled":true,"wcpa_form_fields":null,"_links":{"self":[{"href":"https:\/\/www.hzc-power.com\/nl\/wp-json\/wp\/v2\/product\/290469","targetHints":{"allow":["GET"]}}],"collection":[{"href":"https:\/\/www.hzc-power.com\/nl\/wp-json\/wp\/v2\/product"}],"about":[{"href":"https:\/\/www.hzc-power.com\/nl\/wp-json\/wp\/v2\/types\/product"}],"replies":[{"embeddable":true,"href":"https:\/\/www.hzc-power.com\/nl\/wp-json\/wp\/v2\/comments?post=290469"}],"wp:featuredmedia":[{"embeddable":true,"href":"https:\/\/www.hzc-power.com\/nl\/wp-json\/wp\/v2\/media\/289234"}],"wp:attachment":[{"href":"https:\/\/www.hzc-power.com\/nl\/wp-json\/wp\/v2\/media?parent=290469"}],"wp:term":[{"taxonomy":"product_brand","embeddable":true,"href":"https:\/\/www.hzc-power.com\/nl\/wp-json\/wp\/v2\/product_brand?post=290469"},{"taxonomy":"product_cat","embeddable":true,"href":"https:\/\/www.hzc-power.com\/nl\/wp-json\/wp\/v2\/product_cat?post=290469"}],"curies":[{"name":"wp","href":"https:\/\/api.w.org\/{rel}","templated":true}]}}